{"id":3092,"date":"2016-06-14T17:51:50","date_gmt":"2016-06-14T15:51:50","guid":{"rendered":"http:\/\/www.myzakopane.pl\/?page_id=3092"},"modified":"2024-11-17T23:49:57","modified_gmt":"2024-11-17T22:49:57","slug":"atrakcje-zakopanego-tatr","status":"publish","type":"page","link":"https:\/\/www.myzakopane.pl\/index.php\/atrakcje-zakopanego-tatr\/","title":{"rendered":"Atrakcje Zakopanego i Tatr"},"content":{"rendered":"<p>Zakopane to najpopularniejszy o\u015brodek turystyczny na Podhalu. Ka\u017cdego roku odwiedza je blisko 3 mln os\u00f3b, co dla licz\u0105cego nieco ponad 30 tys. os\u00f3b Zakopanego, niema\u0142e wyzwanie. Wi\u0119kszo\u015b\u0107 turyst\u00f3w odwiedza Zakopane z uwagi na <strong>malownicze po\u0142o\u017cenie pomi\u0119dzy pasmem Guba\u0142\u00f3wki i Tatr <\/strong> oraz atrakcje turystyczne jakie tu znajdziemy. Pi\u0119kne widoki na okoliczne szczyty rozci\u0105gaj\u0105 si\u0119 praktycznie z ka\u017cdego miejsca w Zakopanem. Szczeg\u00f3lne wra\u017cenie robi g\u00f3ruj\u0105cy nad miastem Giewont.<\/p>\n<p>Innym aspektem, kt\u00f3ry przyci\u0105ga w to miejsce, jest <strong>kultura g\u00f3ralska znajduj\u0105ca odzwierciedlenie w budynkach, zwyczajach i tradycjach oraz organizowanych imprezach i atrakcjach<\/strong>. Liczne jej przyk\u0142ady znajdziemy w znajduj\u0105cych si\u0119 w Zakopanem muzeach, folklorze i rzemio\u015ble czy ko\u015bcio\u0142ach i willach budowanych zgodnie z zasadami stylu zakopia\u0144skiego. Dla turyst\u00f3w organizowane s\u0105 imprezy nawi\u0105zuj\u0105ce do tradycji g\u00f3ralskich. Do najwa\u017cniejszych nale\u017c\u0105: Festiwal Folkloru Ziem G\u00f3rskich, Tatrza\u0144skie Wici, Maj\u00f3wka Tatrza\u0144ska, Zawody na starym sprz\u0119cie narciarskim o Wielkanocne Jajo.<\/p>\n<h3>Atrakcje w Zakopanem<\/h3>\n<p>Wi\u0119kszo\u015b\u0107 turyst\u00f3w swoje pierwsze kroki kieruje na <a href=\"https:\/\/www.myzakopane.pl\/index.php\/ulica-krupowki\/\">Krup\u00f3wki<\/a>. To najbardziej <strong>reprezentacyjna ulica w Zakopanem<\/strong> i jednocze\u015bnie deptak. Znajduj\u0105 si\u0119 liczne restauracje, knajpy, sklepy z pami\u0105tkami, organizuje si\u0119 liczne pokazy. Niestety strona komercyjna coraz bardziej przewa\u017ca nad tradycj\u0105, co niestety odbija si\u0119 na charakterze Krup\u00f3wek.<\/p>\n<div id=\"attachment_1491\" style=\"width: 310px\" class=\"wp-caption alignleft\"><a href=\"https:\/\/www.myzakopane.pl\/wp-content\/images\/gubalowka-widok-na-giewont.jpg\"><img loading=\"lazy\" decoding=\"async\" aria-describedby=\"caption-attachment-1491\" class=\"wp-image-1491 size-medium\" title=\"Guba\u0142\u00f3wka - widok na Giewont\" src=\"https:\/\/www.myzakopane.pl\/wp-content\/images\/gubalowka-widok-na-giewont-300x225.jpg\" alt=\"Guba\u0142\u00f3wka - widok na Giewont\" width=\"300\" height=\"225\" srcset=\"https:\/\/www.myzakopane.pl\/wp-content\/images\/gubalowka-widok-na-giewont-300x225.jpg 300w, https:\/\/www.myzakopane.pl\/wp-content\/images\/gubalowka-widok-na-giewont-150x112.jpg 150w, https:\/\/www.myzakopane.pl\/wp-content\/images\/gubalowka-widok-na-giewont.jpg 1024w\" sizes=\"auto, (max-width: 300px) 100vw, 300px\" \/><\/a><p id=\"caption-attachment-1491\" class=\"wp-caption-text\">Guba\u0142\u00f3wka &#8211; widok na Giewont (fot. w\u0142asna)<\/p><\/div>\n<p>Z Krup\u00f3wek do\u015b\u0107 \u0142atwo dosta\u0107 si\u0119 na Guba\u0142\u00f3wk\u0119, dolna stacja kolejki mie\u015bci si\u0119 po drugiej stronie ulicy. <a href=\"https:\/\/www.myzakopane.pl\/index.php\/gubalowka\/\">Guba\u0142\u00f3wka<\/a> to jedna z wa\u017cniejszych atrakcji Zakopanego z uwagi na niesamowite widoki jakie mo\u017cna ogl\u0105da\u0107 z jej szczytu. <strong>Wida\u0107 ca\u0142\u0105 panoram\u0119 Tatr i Zakopanego<\/strong> a tak\u017ce fragment pasma Babiog\u00f3rskiego. Na g\u00f3rze znajdziemy zje\u017cd\u017calni\u0119 grawitacyjn\u0105, knajpy dla turyst\u00f3w, kramiki wzd\u0142u\u017c drogi na szczycie, parki linowe. Zim\u0105 dodatkowo park narciarski, atrakcje na skuterach, tory saneczkowe czy wyprawy na rakietach \u015bnie\u017cnych.<\/p>\n<p>Przy ulicy Krup\u00f3wki 10 mie\u015bci si\u0119 <a href=\"https:\/\/www.myzakopane.pl\/index.php\/muzeum-tatrzanskie\/\">Muzeum Tatrza\u0144skie<\/a>, najwi\u0119ksze muzeum w Zakopanem posiadaj\u0105ce liczne filie. Zbiory gromadzone w muzeum <strong>zwi\u0105zane s\u0105 z Tatrami i folklorem oraz kultur\u0105 g\u00f3ralsk\u0105<\/strong>. Najbardziej znan\u0105 fili\u0105 muzeum jest Willa Koliba mieszcz\u0105ca si\u0119 przy ulicy Ko\u015bcieliskiej. W \u015brodku, zgodnie z przeznaczeniem pomieszcze\u0144, przygotowano eksponaty meble, sprz\u0119ty, elementy r\u0119kodzie\u0142a.<\/p>\n<div id=\"attachment_1013\" style=\"width: 310px\" class=\"wp-caption alignright\"><a href=\"https:\/\/www.myzakopane.pl\/wp-content\/images\/stary-kosciol-zakopane.jpg\"><img loading=\"lazy\" decoding=\"async\" aria-describedby=\"caption-attachment-1013\" class=\"wp-image-1013 size-medium\" title=\"Stary ko\u015bci\u00f3\u0142 w Zakopanem\" src=\"https:\/\/www.myzakopane.pl\/wp-content\/images\/stary-kosciol-zakopane-300x225.jpg\" alt=\"Stary ko\u015bci\u00f3\u0142 w Zakopanem\" width=\"300\" height=\"225\" srcset=\"https:\/\/www.myzakopane.pl\/wp-content\/images\/stary-kosciol-zakopane-300x225.jpg 300w, https:\/\/www.myzakopane.pl\/wp-content\/images\/stary-kosciol-zakopane.jpg 1024w\" sizes=\"auto, (max-width: 300px) 100vw, 300px\" \/><\/a><p id=\"caption-attachment-1013\" class=\"wp-caption-text\">Stary Ko\u015bci\u00f3\u0142 w Zakopanem (fot. w\u0142asna)<\/p><\/div>\n<p>Przy ulicy Ko\u015bcieliskiej mie\u015bci si\u0119 jeden z najstarszych zabytk\u00f3w w Zakopanem. Drewniany, zabytkowy ko\u015bci\u00f3\u0142 zwany te\u017c <a href=\"https:\/\/www.myzakopane.pl\/index.php\/cmentarz-na-peksowym-brzyzku-i-stary-kosciol\/\">Starym Ko\u015bcio\u0142em<\/a> zosta\u0142 wybudowany w 1847 roku. Konstrukcja zr\u0119bowa, tak charakterystyczna dla budowli drewnianych, tworzy z zewn\u0105trz niesamowite wra\u017cenie. Podobnie jak drewniane wn\u0119trze i o\u0142tarz. <strong>Obok ko\u015bcio\u0142a znajduje si\u0119 Cmentarz na P\u0119ksowym Brzyzku<\/strong>, gdzie pochowani s\u0105 zas\u0142u\u017ceni dla miasta ludzie. Na uwag\u0119 zas\u0142uguj\u0105 nagrobki, kt\u00f3re w wi\u0119kszo\u015bci s\u0105 swoistymi dzie\u0142ami sztuki. Du\u017ca cz\u0119\u015b\u0107 z nich powsta\u0142a w pracowni W\u0142adys\u0142awa Hasiora.<\/p>\n<p>Kolejn\u0105 atrakcj\u0105 turystyczn\u0105 jest na pewno <a href=\"https:\/\/www.myzakopane.pl\/index.php\/sanktuarium-na-krzeptowkach\/\">Sanktuarium na Krzept\u00f3wkach<\/a>, kt\u00f3re jest obecnie najwi\u0119kszym ko\u015bcio\u0142em w Zakopanem. Wybudowane na <strong>pami\u0105tk\u0119 zamachu na papie\u017ca Jana Paw\u0142a II<\/strong>. Najwi\u0119ksze wra\u017cenie robi wn\u0119trze sanktuarium, gdzie wi\u0119kszo\u015b\u0107 element\u00f3w wykonana jest z drewna przez zakopia\u0144skich rzemie\u015blnik\u00f3w.<\/p>\n<div id=\"attachment_80\" style=\"width: 310px\" class=\"wp-caption alignleft\"><a href=\"https:\/\/www.myzakopane.pl\/wp-content\/images\/wielka-krokiew.jpg\"><img loading=\"lazy\" decoding=\"async\" aria-describedby=\"caption-attachment-80\" class=\"wp-image-80 size-full\" title=\"Wielka Krokiew w Zakopanem\" src=\"https:\/\/www.myzakopane.pl\/wp-content\/images\/wielka-krokiew-300x225.jpg\" alt=\"Wielka Krokiew w Zakopanem\" width=\"300\" height=\"225\" \/><\/a><p id=\"caption-attachment-80\" class=\"wp-caption-text\">Wielka Krokiew (fot. Wikipedia)<\/p><\/div>\n<p>Innym miejscem, kt\u00f3re na pewno warto odwiedzi\u0107 w Zakopanem, jest <a href=\"https:\/\/www.myzakopane.pl\/index.php\/wielka-krokiew\/\">Wielka Krokiew<\/a>. Kompleks skoczni narciarskich kojarzy si\u0119 wi\u0119kszo\u015bci turyst\u00f3w ze skokami narciarskimi, kt\u00f3re odbywaj\u0105 si\u0119 tam ka\u017cdego roku. Wielka Krokiew jest te\u017c <strong>\u015bwietnym punktem widokowym<\/strong>, na kt\u00f3ry mo\u017cna wjecha\u0107 wyci\u0105giem, takim samym jak dla skoczk\u00f3w narciarskich. Wysoko\u015b\u0107 z jakich zje\u017cd\u017caj\u0105 skoczkowie robi niesamowite wra\u017cenie, panorama na Zakopane r\u00f3wnie\u017c. Dodatkow\u0105 atrakcj\u0105 s\u0105 te\u017c zawody, kt\u00f3re odbywaj\u0105 si\u0119 tutaj w ramach letniego Grand Prix.<\/p>\n<h3>Zimowe atrakcje Zakopanego<\/h3>\n<p>Kiedy bia\u0142y puch spowije Zakopane to zaczyna si\u0119 <strong>sezon na wszystko co je\u017adzi i rusza si\u0119 po \u015bniegu<\/strong>. Przede wszystkim to jazda na nartach. Mimo do\u015b\u0107 niepochlebnych opinii Zakopane nie jest a\u017c tak s\u0142ab\u0105 baz\u0105 narciarsk\u0105. Je\u017celi do\u0142o\u017cymy do tego stacje narciarskie w okolicznych miejscowo\u015bciach (g\u0142\u00f3wnie Bia\u0142ka i Bukowina Tatrza\u0144ska) to mo\u017cna tu ca\u0142kiem dobrze poje\u017adzi\u0107 na nartach.<\/p>\n<p>Nie brakuje te\u017c tras do uprawiania <strong>narciarstwa biegowego<\/strong>. Tereny wok\u00f3\u0142 Zakopanego \u015bwietnie si\u0119 do tego nadaj\u0105 &#8211; istnieje kilkana\u015bcie tras przygotowanych dla narciarzy biegowych. Dla tych co lubi\u0105 bardziej ekstremalne wyzwania dobrym pomys\u0142em mog\u0105 by\u0107 <a href=\"https:\/\/www.myzakopane.pl\/index.php\/wycieczki-skitourowe\/\">wycieczki skitourowe<\/a>. Nie ograniczaj\u0105 nas wtedy przygotowane trasy, mo\u017cemy sobie samemu wymy\u015bli\u0107 gdzie chcemy w\u0119drowa\u0107.<\/p>\n<p>Na turyst\u00f3w czekaj\u0105 te\u017c inne atrakcje nie zwi\u0105zane ju\u017c z nartami. Du\u017co frajdy mo\u017ce nam sprawi\u0107 <strong>przejazd skuterem \u015bnie\u017cnym<\/strong> po okolicznych lasach. Organizowane s\u0105 <strong>kuligi z pochodniami<\/strong> i ogniskami z przygrywaj\u0105c\u0105 kapel\u0105 g\u00f3ralsk\u0105. Mo\u017cna te\u017c przejecha\u0107 si\u0119 psim zaprz\u0119giem na specjalnie przygotowanych trasach.<\/p>\n<h3>Atrakcje w Tatrach<\/h3>\n<p>B\u0119d\u0105c w Zakopanem ci\u0119\u017cko nie zwiedzi\u0107 cho\u0107 kilku miejsc w Tatrach. Nawet Ci najbardziej leniwi ch\u0119tnie wybior\u0105 si\u0119 na g\u00f3rsk\u0105 wycieczk\u0119. Nie trzeba oczywi\u015bcie od razu my\u015ble\u0107 o powa\u017cnych wspinaczkach, czasem wystarczy spacer \u017ceby zobaczy\u0107 pi\u0119kno tatrza\u0144skiej przyrody.<\/p>\n<p>Na pewno warto wybra\u0107 si\u0119 na spacer <a href=\"https:\/\/www.myzakopane.pl\/index.php\/na-spacer-dolina-koscieliska\/\">Dolin\u0105 Ko\u015bcielisk\u0105<\/a>. To jedna z <strong>bardziej malowniczych dolin<\/strong> i jednocze\u015bnie dobrze przystosowana do ruchu turystycznego. Na ko\u0144cu doliny znajduje si\u0119 schronisko g\u00f3rskie, gdzie mo\u017cna odpocz\u0105\u0107 podziwiaj\u0105c panoram\u0119 na okoliczne szczyty. Doj\u015bcie do schroniska z Kir (pocz\u0105tek doliny) zajmie nam oko\u0142o 2 godzin, podobnie powr\u00f3t. Po drodze mo\u017cna te\u017c odwiedzi\u0107 kilka jaski\u0144, z kt\u00f3rych s\u0142ynie Ko\u015bcieliska. Najpopularniejsza z nich to Jaskinia Mro\u017ana.<\/p>\n<div id=\"attachment_907\" style=\"width: 310px\" class=\"wp-caption alignnone\"><a href=\"https:\/\/www.myzakopane.pl\/wp-content\/images\/dolina-koscieliska.jpg\"><img loading=\"lazy\" decoding=\"async\" aria-describedby=\"caption-attachment-907\" class=\"wp-image-907 size-medium\" title=\"Dolina Ko\u015bcieliska\" src=\"https:\/\/www.myzakopane.pl\/wp-content\/images\/dolina-koscieliska-300x225.jpg\" alt=\"Dolina Ko\u015bcieliska\" width=\"300\" height=\"225\" srcset=\"https:\/\/www.myzakopane.pl\/wp-content\/images\/dolina-koscieliska-300x225.jpg 300w, https:\/\/www.myzakopane.pl\/wp-content\/images\/dolina-koscieliska.jpg 1024w\" sizes=\"auto, (max-width: 300px) 100vw, 300px\" \/><\/a><p id=\"caption-attachment-907\" class=\"wp-caption-text\">Dolina Ko\u015bcieliska (fot. w\u0142asna)<\/p><\/div>\n<div id=\"attachment_1088\" style=\"width: 310px\" class=\"wp-caption alignnone\"><a href=\"https:\/\/www.myzakopane.pl\/wp-content\/images\/morskie-oko.jpg\"><img loading=\"lazy\" decoding=\"async\" aria-describedby=\"caption-attachment-1088\" class=\"wp-image-1088 size-medium\" title=\"Morskie Oko\" src=\"https:\/\/www.myzakopane.pl\/wp-content\/images\/morskie-oko-300x225.jpg\" alt=\"Morskie Oko\" width=\"300\" height=\"225\" srcset=\"https:\/\/www.myzakopane.pl\/wp-content\/images\/morskie-oko-300x225.jpg 300w, https:\/\/www.myzakopane.pl\/wp-content\/images\/morskie-oko.jpg 1024w\" sizes=\"auto, (max-width: 300px) 100vw, 300px\" \/><\/a><p id=\"caption-attachment-1088\" class=\"wp-caption-text\">Morskie Oko (fot. w\u0142asna)<\/p><\/div>\n<p>Nikomu nie trzeba chyba reklamowa\u0107 atrakcji turystycznej jak\u0105 jest <a href=\"https:\/\/www.myzakopane.pl\/index.php\/morskie-oko-miejsce-wycieczek-z-zakopanego\/\">Morskie Oko<\/a> po\u0142o\u017cone <strong>w Dolinie Rybiego Potoku<\/strong>. To miejsce potrafi odwiedzi\u0107 kilkana\u015bcie turyst\u00f3w w czasie d\u0142ugich weekend\u00f3w. Osobi\u015bcie nie polecamy wybiera\u0107 si\u0119 nad Morskie Oko w takich warunkach, bo wszechobecne kolejki, korki potrafi\u0105 zniech\u0119ci\u0107. Jednak dla takich widok\u00f3w jakie spotkamy w tym miejscu mo\u017ce nawet warto przecierpie\u0107 te t\u0142umy.<\/p>\n<p>Tury\u015bci, kt\u00f3rzy lubi\u0105 wygod\u0119 i chc\u0105 obejrze\u0107 pi\u0119kne widoki na pewno ch\u0119tnie skorzystaj\u0105 z kolejki g\u00f3rskiej prowadz\u0105cej na <a href=\"https:\/\/www.myzakopane.pl\/index.php\/na-kasprowym-wierchu\/\">Kasprowy Wierch<\/a>. Na szczycie mamy restauracj\u0119, obserwatorium meteorologiczne oraz szlaki g\u00f3rskie rozchodz\u0105ce si\u0119 w kierunku Czerwonych Wierch\u00f3w a w drug\u0105 stron\u0119 \u015awinicy i dalej Orlej Perci.<\/p>\n<div id=\"attachment_776\" style=\"width: 310px\" class=\"wp-caption alignleft\"><a href=\"https:\/\/www.myzakopane.pl\/wp-content\/images\/giewont-widok-z-doliny-strazyskiej.jpg\"><img loading=\"lazy\" decoding=\"async\" aria-describedby=\"caption-attachment-776\" class=\"wp-image-776 size-medium\" title=\"Widok na Giewont z Doliny Str\u0105\u017cyskiej\" src=\"https:\/\/www.myzakopane.pl\/wp-content\/images\/giewont-widok-z-doliny-strazyskiej-300x225.jpg\" alt=\"Widok na Giewont z Doliny Str\u0105\u017cyskiej\" width=\"300\" height=\"225\" srcset=\"https:\/\/www.myzakopane.pl\/wp-content\/images\/giewont-widok-z-doliny-strazyskiej-300x225.jpg 300w, https:\/\/www.myzakopane.pl\/wp-content\/images\/giewont-widok-z-doliny-strazyskiej.jpg 1024w\" sizes=\"auto, (max-width: 300px) 100vw, 300px\" \/><\/a><p id=\"caption-attachment-776\" class=\"wp-caption-text\">Widok na Giewont z Doliny Str\u0105\u017cyskiej (fot. w\u0142asna)<\/p><\/div>\n<p>Mo\u017cna powiedzie\u0107, \u017ce najwi\u0119ksz\u0105 atrakcj\u0105 w Tatrach jest <a href=\"https:\/\/www.myzakopane.pl\/index.php\/wycieczka-na-giewont\/\">Giewont<\/a>. Jest jednym z symboli Zakopanego, swoisty \u201e\u015bpi\u0105cy rycerz\u201d czuwaj\u0105cy nad miastem. Trzeba powiedzie\u0107, \u017ce mimo swojej blisko\u015bci Giewont jest <strong>wysokim i niebezpiecznym szczytem g\u00f3rskim<\/strong>. Tam zdarza si\u0119 najwi\u0119cej wypadk\u00f3w \u015bmiertelnych w ca\u0142ych Tatrach. Jednym z powod\u00f3w jest du\u017ca ilo\u015b\u0107 turyst\u00f3w, kt\u00f3rzy pr\u00f3buj\u0105 zdoby\u0107 t\u0105 g\u00f3r\u0119. Innym, \u017ce nie zachowuj\u0105 wystarczaj\u0105cej ostro\u017cno\u015bci. O chodzeniu w klapkach kr\u0105\u017c\u0105 opowie\u015bci. Giewont jest i pi\u0119kny i niebezpieczny.<\/p>\n<div class=\"post-nav\">\n<h5><a class=\"post-nav-newer\" title=\"Szlaki w Tatrach\" href=\"https:\/\/www.myzakopane.pl\/index.php\/szlaki-w-tatrach\/\">Szlaki w Tatrach<\/a><\/h5>\n<div class=\"clear\"><\/div>\n<\/div>\n","protected":false},"excerpt":{"rendered":"<p>Zakopane to najpopularniejszy o\u015brodek turystyczny na Podhalu. Ka\u017cdego roku odwiedza je blisko 3 mln os\u00f3b, co dla licz\u0105cego nieco ponad 30 tys. os\u00f3b Zakopanego, niema\u0142e wyzwanie. Wi\u0119kszo\u015b\u0107 turyst\u00f3w odwiedza Zakopane z uwagi na malownicze po\u0142o\u017cenie pomi\u0119dzy pasmem Guba\u0142\u00f3wki i Tatr oraz atrakcje turystyczne jakie tu znajdziemy. Pi\u0119kne widoki na okoliczne szczyty rozci\u0105gaj\u0105 si\u0119 praktycznie z [&hellip;]<\/p>\n","protected":false},"author":1,"featured_media":0,"parent":0,"menu_order":0,"comment_status":"closed","ping_status":"closed","template":"","meta":{"footnotes":""},"class_list":["post-3092","page","type-page","status-publish","hentry"],"yoast_head":"<!-- This site is optimized with the Yoast SEO plugin v26.2 - https:\/\/yoast.com\/wordpress\/plugins\/seo\/ -->\n<title>Zakopane atrakcje turystyczne \u2013 co warto zobaczy\u0107 w Zakopanem<\/title>\n<meta name=\"description\" content=\"Na stronie MyZakopane.pl znajd\u0105 Pa\u0144stwo informacje o atrakcjach turystyczne w Zakopanem i Tatrach. Zapraszamy wszystkich do przegl\u0105dania naszego serwisu.\" \/>\n<meta name=\"robots\" content=\"index, follow, max-snippet:-1, max-image-preview:large, max-video-preview:-1\" \/>\n<link rel=\"canonical\" href=\"https:\/\/www.myzakopane.pl\/index.php\/atrakcje-zakopanego-tatr\/\" \/>\n<meta name=\"twitter:label1\" content=\"Szacowany czas czytania\" \/>\n\t<meta name=\"twitter:data1\" content=\"8 minut\" \/>\n<script type=\"application\/ld+json\" class=\"yoast-schema-graph\">{\"@context\":\"https:\/\/schema.org\",\"@graph\":[{\"@type\":\"WebPage\",\"@id\":\"https:\/\/www.myzakopane.pl\/index.php\/atrakcje-zakopanego-tatr\/\",\"url\":\"https:\/\/www.myzakopane.pl\/index.php\/atrakcje-zakopanego-tatr\/\",\"name\":\"Zakopane atrakcje turystyczne \u2013 co warto zobaczy\u0107 w Zakopanem\",\"isPartOf\":{\"@id\":\"https:\/\/www.myzakopane.pl\/#website\"},\"primaryImageOfPage\":{\"@id\":\"https:\/\/www.myzakopane.pl\/index.php\/atrakcje-zakopanego-tatr\/#primaryimage\"},\"image\":{\"@id\":\"https:\/\/www.myzakopane.pl\/index.php\/atrakcje-zakopanego-tatr\/#primaryimage\"},\"thumbnailUrl\":\"http:\/\/www.myzakopane.pl\/wp-content\/images\/gubalowka-widok-na-giewont-300x225.jpg\",\"datePublished\":\"2016-06-14T15:51:50+00:00\",\"dateModified\":\"2024-11-17T22:49:57+00:00\",\"description\":\"Na stronie MyZakopane.pl znajd\u0105 Pa\u0144stwo informacje o atrakcjach turystyczne w Zakopanem i Tatrach. Zapraszamy wszystkich do przegl\u0105dania naszego serwisu.\",\"breadcrumb\":{\"@id\":\"https:\/\/www.myzakopane.pl\/index.php\/atrakcje-zakopanego-tatr\/#breadcrumb\"},\"inLanguage\":\"pl-PL\",\"potentialAction\":[{\"@type\":\"ReadAction\",\"target\":[\"https:\/\/www.myzakopane.pl\/index.php\/atrakcje-zakopanego-tatr\/\"]}]},{\"@type\":\"ImageObject\",\"inLanguage\":\"pl-PL\",\"@id\":\"https:\/\/www.myzakopane.pl\/index.php\/atrakcje-zakopanego-tatr\/#primaryimage\",\"url\":\"http:\/\/www.myzakopane.pl\/wp-content\/images\/gubalowka-widok-na-giewont-300x225.jpg\",\"contentUrl\":\"http:\/\/www.myzakopane.pl\/wp-content\/images\/gubalowka-widok-na-giewont-300x225.jpg\"},{\"@type\":\"BreadcrumbList\",\"@id\":\"https:\/\/www.myzakopane.pl\/index.php\/atrakcje-zakopanego-tatr\/#breadcrumb\",\"itemListElement\":[{\"@type\":\"ListItem\",\"position\":1,\"name\":\"Strona g\u0142\u00f3wna\",\"item\":\"https:\/\/www.myzakopane.pl\/\"},{\"@type\":\"ListItem\",\"position\":2,\"name\":\"Atrakcje Zakopanego i Tatr\"}]},{\"@type\":\"WebSite\",\"@id\":\"https:\/\/www.myzakopane.pl\/#website\",\"url\":\"https:\/\/www.myzakopane.pl\/\",\"name\":\"Zakopane atrakcje turystyczne \u2013 co warto zobaczy\u0107 w Zakopanem\",\"description\":\"\",\"potentialAction\":[{\"@type\":\"SearchAction\",\"target\":{\"@type\":\"EntryPoint\",\"urlTemplate\":\"https:\/\/www.myzakopane.pl\/?s={search_term_string}\"},\"query-input\":{\"@type\":\"PropertyValueSpecification\",\"valueRequired\":true,\"valueName\":\"search_term_string\"}}],\"inLanguage\":\"pl-PL\"}]}<\/script>\n<!-- \/ Yoast SEO plugin. -->","yoast_head_json":{"title":"Zakopane atrakcje turystyczne \u2013 co warto zobaczy\u0107 w Zakopanem","description":"Na stronie MyZakopane.pl znajd\u0105 Pa\u0144stwo informacje o atrakcjach turystyczne w Zakopanem i Tatrach. Zapraszamy wszystkich do przegl\u0105dania naszego serwisu.","robots":{"index":"index","follow":"follow","max-snippet":"max-snippet:-1","max-image-preview":"max-image-preview:large","max-video-preview":"max-video-preview:-1"},"canonical":"https:\/\/www.myzakopane.pl\/index.php\/atrakcje-zakopanego-tatr\/","twitter_misc":{"Szacowany czas czytania":"8 minut"},"schema":{"@context":"https:\/\/schema.org","@graph":[{"@type":"WebPage","@id":"https:\/\/www.myzakopane.pl\/index.php\/atrakcje-zakopanego-tatr\/","url":"https:\/\/www.myzakopane.pl\/index.php\/atrakcje-zakopanego-tatr\/","name":"Zakopane atrakcje turystyczne \u2013 co warto zobaczy\u0107 w Zakopanem","isPartOf":{"@id":"https:\/\/www.myzakopane.pl\/#website"},"primaryImageOfPage":{"@id":"https:\/\/www.myzakopane.pl\/index.php\/atrakcje-zakopanego-tatr\/#primaryimage"},"image":{"@id":"https:\/\/www.myzakopane.pl\/index.php\/atrakcje-zakopanego-tatr\/#primaryimage"},"thumbnailUrl":"http:\/\/www.myzakopane.pl\/wp-content\/images\/gubalowka-widok-na-giewont-300x225.jpg","datePublished":"2016-06-14T15:51:50+00:00","dateModified":"2024-11-17T22:49:57+00:00","description":"Na stronie MyZakopane.pl znajd\u0105 Pa\u0144stwo informacje o atrakcjach turystyczne w Zakopanem i Tatrach. Zapraszamy wszystkich do przegl\u0105dania naszego serwisu.","breadcrumb":{"@id":"https:\/\/www.myzakopane.pl\/index.php\/atrakcje-zakopanego-tatr\/#breadcrumb"},"inLanguage":"pl-PL","potentialAction":[{"@type":"ReadAction","target":["https:\/\/www.myzakopane.pl\/index.php\/atrakcje-zakopanego-tatr\/"]}]},{"@type":"ImageObject","inLanguage":"pl-PL","@id":"https:\/\/www.myzakopane.pl\/index.php\/atrakcje-zakopanego-tatr\/#primaryimage","url":"http:\/\/www.myzakopane.pl\/wp-content\/images\/gubalowka-widok-na-giewont-300x225.jpg","contentUrl":"http:\/\/www.myzakopane.pl\/wp-content\/images\/gubalowka-widok-na-giewont-300x225.jpg"},{"@type":"BreadcrumbList","@id":"https:\/\/www.myzakopane.pl\/index.php\/atrakcje-zakopanego-tatr\/#breadcrumb","itemListElement":[{"@type":"ListItem","position":1,"name":"Strona g\u0142\u00f3wna","item":"https:\/\/www.myzakopane.pl\/"},{"@type":"ListItem","position":2,"name":"Atrakcje Zakopanego i Tatr"}]},{"@type":"WebSite","@id":"https:\/\/www.myzakopane.pl\/#website","url":"https:\/\/www.myzakopane.pl\/","name":"Zakopane atrakcje turystyczne \u2013 co warto zobaczy\u0107 w Zakopanem","description":"","potentialAction":[{"@type":"SearchAction","target":{"@type":"EntryPoint","urlTemplate":"https:\/\/www.myzakopane.pl\/?s={search_term_string}"},"query-input":{"@type":"PropertyValueSpecification","valueRequired":true,"valueName":"search_term_string"}}],"inLanguage":"pl-PL"}]}},"_links":{"self":[{"href":"https:\/\/www.myzakopane.pl\/index.php\/wp-json\/wp\/v2\/pages\/3092","targetHints":{"allow":["GET"]}}],"collection":[{"href":"https:\/\/www.myzakopane.pl\/index.php\/wp-json\/wp\/v2\/pages"}],"about":[{"href":"https:\/\/www.myzakopane.pl\/index.php\/wp-json\/wp\/v2\/types\/page"}],"author":[{"embeddable":true,"href":"https:\/\/www.myzakopane.pl\/index.php\/wp-json\/wp\/v2\/users\/1"}],"replies":[{"embeddable":true,"href":"https:\/\/www.myzakopane.pl\/index.php\/wp-json\/wp\/v2\/comments?post=3092"}],"version-history":[{"count":0,"href":"https:\/\/www.myzakopane.pl\/index.php\/wp-json\/wp\/v2\/pages\/3092\/revisions"}],"wp:attachment":[{"href":"https:\/\/www.myzakopane.pl\/index.php\/wp-json\/wp\/v2\/media?parent=3092"}],"curies":[{"name":"wp","href":"https:\/\/api.w.org\/{rel}","templated":true}]}}