{"id":3172,"date":"2016-06-13T21:16:25","date_gmt":"2016-06-13T19:16:25","guid":{"rendered":"http:\/\/www.myzakopane.pl\/?page_id=3172"},"modified":"2024-11-17T23:51:00","modified_gmt":"2024-11-17T22:51:00","slug":"muzea-w-zakopanem","status":"publish","type":"page","link":"https:\/\/www.myzakopane.pl\/index.php\/muzea-w-zakopanem\/","title":{"rendered":"Muzea w Zakopanem"},"content":{"rendered":"<p><img loading=\"lazy\" decoding=\"async\" class=\"main-left alignnone\" src=\"https:\/\/www.myzakopane.pl\/wp-content\/images\/muzeum-tatrzanskie-300x225.jpg\" alt=\"Muzea w Zakopanem\" width=\"300\" height=\"225\" \/>Zakopane to nie tylko pi\u0119kne szczyty, czy mo\u017cliwo\u015b\u0107 w\u0119dr\u00f3wek po dolinach i szlakach w Tatrach. W Zakopanem mieszka\u0142o te\u017c wielu artyst\u00f3w, kt\u00f3rzy osiedlali si\u0119 tutaj. Ich tw\u00f3rczo\u015b\u0107 oraz wn\u0119trza ich dom\u00f3w mo\u017cemy podziwia\u0107 w muzeach, kt\u00f3re powsta\u0142y tutaj by upami\u0119tni\u0107 ich dokonania. Poni\u017cej znajdziemy najciekawsze muzea w Zakopanem oraz galerie, kt\u00f3re warto odwiedzi\u0107 b\u0119d\u0105c w tym mie\u015bcie. Warto te\u017c wybra\u0107 si\u0119 do teatru Witkacego, gdzie poza spektaklem mo\u017cna obejrze\u0107 eksponaty oraz pami\u0105tki.<\/p>\n<h3>Muzeum Tatrza\u0144skie<\/h3>\n<div id=\"attachment_1032\" style=\"width: 310px\" class=\"wp-caption alignright\"><img loading=\"lazy\" decoding=\"async\" aria-describedby=\"caption-attachment-1032\" class=\"wp-image-1032 size-full\" title=\"Muzeum Tatrza\u0144skie w Zakopanem\" src=\"https:\/\/www.myzakopane.pl\/wp-content\/images\/muzeum-tatrzanskie-300x2251.jpg\" alt=\"Muzeum Tatrza\u0144skie w Zakopanem\" width=\"300\" height=\"225\" \/><p id=\"caption-attachment-1032\" class=\"wp-caption-text\">Muzeum Tatrza\u0144skie w Zakopanem (fot. w\u0142asna)<\/p><\/div>\n<p>W Zakopanem znajduje si\u0119 m.in. za\u0142o\u017cone w 1888 roku <a title=\"Muzeum Tatrza\u0144skie im Tytusa Cha\u0142ubi\u0144skiego\" href=\"https:\/\/www.myzakopane.pl\/index.php\/muzeum-tatrzanskie\/\">Muzeum Tatrza\u0144skie im Tytusa Cha\u0142ubi\u0144skiego<\/a>, kt\u00f3re jest jednocze\u015bnie jednym z najstarszych regionalnych muzeum w Polsce. W muzeum zobaczy\u0107 mo\u017cna kolekcje sztuki ludowej, stroj\u00f3w regionalnych, flory i fauny Tatr. Obejrze\u0107 mo\u017cna tu r\u00f3wnie\u017c kolekcj\u0119 wypchanych zwierz\u0105t mieszkaj\u0105cych w Tatrach, gdzie niekt\u00f3re eksponaty maja ponad sto lat. Poza licznymi filiami w Zakopanem, muzeum ma te\u017c filie w Chocho\u0142owie, Czarnej G\u00f3rze, Jurgowie, \u0141opusznej.<\/p>\n<p>Fili\u0105 muzeum Tatrza\u0144skiego jest <strong>Muzeum Stylu Zakopia\u0144skiego, kt\u00f3re mie\u015bci si\u0119 w willi \u201eKoliba\u201d przy ul. Ko\u015bcieliska 18<\/strong>. Sam budynek muzeum czyli willa \u201eKoliba\u201d to jedno z pierwszych dzie\u0142 \u201estylu zakopia\u0144skiego\u201d, kt\u00f3ry p\u00f3\u017aniej zdominowa\u0142 architektur\u0119 tamtego regionu. Ekspozycja muzeum po\u015bwi\u0119cona jest historii stylu zakopia\u0144skiego oraz jego tw\u00f3rcy Stanis\u0142awowi Witkiewiczowi. W muzeum opr\u00f3cz licznych pami\u0105tek takich jak zegary, kotary i krzes\u0142a i sto\u0142y, obejrze\u0107 mo\u017cna kolekcj\u0119 portret\u00f3w namalowanych przez Witkacego.<\/p>\n<ul>\n<li>Ul. Krup\u00f3wki 10<\/li>\n<li>Tel. +48 18 201 52 05<\/li>\n<li>Strona: <a title=\"www.muzeumtatrzanskie.com.pl\" href=\"http:\/\/www.muzeumtatrzanskie.com.pl\" rel=\"nofollow\">www.muzeumtatrzanskie.com.pl<\/a><\/li>\n<li>Mail: <a title=\"biuro@muzeumtatrzanskie.pl\" href=\"mailto:biuro@muzeumtatrzanskie.pl\">biuro@muzeumtatrzanskie.pl<\/a><\/li>\n<\/ul>\n<h3>Muzeum Jana Kasprowicza<\/h3>\n<div id=\"attachment_649\" style=\"width: 310px\" class=\"wp-caption alignleft\"><a href=\"https:\/\/www.myzakopane.pl\/wp-content\/images\/willa-harenda-zima.jpg\"><img loading=\"lazy\" decoding=\"async\" aria-describedby=\"caption-attachment-649\" class=\"wp-image-649 size-full\" title=\"Willa Harenda\" src=\"https:\/\/www.myzakopane.pl\/wp-content\/images\/willa-harenda-zima-300x200.jpg\" alt=\"Willa Harenda\" width=\"300\" height=\"200\" \/><\/a><p id=\"caption-attachment-649\" class=\"wp-caption-text\">Willa Harenda (fot. Archeo16, WikiMedia)<\/p><\/div>\n<p>Warto te\u017c odwiedzi\u0107 <a title=\"muzeum Jana Kasprowicza\" href=\"https:\/\/www.myzakopane.pl\/index.php\/muzeum-kasprowicza-w-zakopanem\/\">muzeum Jana Kasprowicza<\/a>, kt\u00f3re znajduje si\u0119 w Zakopanem przy ul. Harenda 12 w Willi Harenda (po\u0142owa drogi do Poronina). Kasprowicz wielokrotnie odwiedza\u0142 Zakopane, a\u017c w 1923 roku zdecydowa\u0142 si\u0119 kupi\u0107 tutaj dom i osiedli\u0107 si\u0119 na sta\u0142e. To w\u0142a\u015bnie tutaj w 1950 roku powsta\u0142o muzeum, gdzie eksponowane s\u0105 pami\u0105tki po poecie. Znajdziemy tutaj meble, obrazy, ksi\u0105\u017cki &#8211; wn\u0119trza s\u0105 w niezmieniony stanie od czasu \u015bmierci \u017cony Kasprowicza &#8211; Marii. Obok willi znajduje si\u0119 mauzoleum, w kt\u00f3rym spoczywa Kasprowicz &#8211; wcze\u015bniej by\u0142 pochowany <a title=\"na starym cmentarzu\" href=\"https:\/\/www.myzakopane.pl\/index.php\/cmentarz-na-peksowym-brzyzku-i-stary-kosciol\/\">na Starym Cmentarzu<\/a>.<\/p>\n<ul>\n<li>Ul. Harenda 12a<\/li>\n<li>Tel. +48 18 206 84 26<\/li>\n<li>Strona: <a title=\"www.harenda.com.pl\" href=\"http:\/\/www.harenda.com.pl\" rel=\"nofollow\">www.harenda.com.pl<\/a><\/li>\n<li>Mail: <a title=\"sptjk@interia.pl\" href=\"mailto:sptjk@interia.pl\">sptjk@interia.pl<\/a><\/li>\n<\/ul>\n<h3>Muzeum Karola Szymanowskiego<\/h3>\n<div id=\"attachment_379\" style=\"width: 310px\" class=\"wp-caption alignleft\"><a href=\"https:\/\/www.myzakopane.pl\/wp-content\/images\/willa-atma.jpg\"><img loading=\"lazy\" decoding=\"async\" aria-describedby=\"caption-attachment-379\" class=\"wp-image-379 size-full\" title=\"Willa Atma\" src=\"https:\/\/www.myzakopane.pl\/wp-content\/images\/willa-atma-300x225.jpg\" alt=\"Willa Atma\" width=\"300\" height=\"225\" \/><\/a><p id=\"caption-attachment-379\" class=\"wp-caption-text\">Willa Atma (fot. Jadwiga, WikiMedia)<\/p><\/div>\n<p>Mieszcz\u0105ce si\u0119 w Wilii \u201eAtma\u201d przy ulicy Kasprusie 19 <a title=\"Muzeum Karola Szymanowskiego\" href=\"https:\/\/www.myzakopane.pl\/index.php\/muzeum-karola-szymanowskiego\/\">Muzeum Karola Szymanowskiego<\/a> to jedyne miejsce gdzie mo\u017cemy obejrze\u0107 pami\u0105tki po kompozytorze. W tym miejscu Karol Szymanowski sp\u0119dzi\u0142 ostatnie lata swojego \u017cycia. W muzeum znajdziemy sporo osobistych pami\u0105tek &#8211; ksi\u0105\u017cki, obrazy, portrety oraz odznaczenia otrzymane przez kompozytora. <strong>W gabinecie stoi pianino, na kt\u00f3rym grywa\u0142 i komponowa\u0142 swoje utwory<\/strong>. Jednak g\u0142\u00f3wna ekspozycja muzeum po\u015bwi\u0119cona jest tw\u00f3rczo\u015bci zwi\u0105zanej z Podhalem i miejscowej kulturze.<\/p>\n<h3>Muzeum Kornela Makuszy\u0144skiego<\/h3>\n<p>Muzeum Kornela Makuszy\u0144skiego znajduje si\u0119 <strong>w kamiennicy \u201eOpolanka\u201d przy ulicy Tetmajera 15<\/strong>, za\u015b jego ekspozycja obejmuje pami\u0105tki, fotografie, dokumenty i archiwum Kornela Makuszy\u0144skiego. Ponadto w muzeum obejrze\u0107 mo\u017cna dzie\u0142a znanych polskich artyst\u00f3w: Stanis\u0142awa Wyspia\u0144skiego, W\u0142adys\u0142awa Skoczylasa i Zofii Stryje\u0144skiej.<\/p>\n<p>W muzeum mo\u017cna zobaczy\u0107 liczne pami\u0105tki po pisarzu, od przedmiot\u00f3w codziennego u\u017cytku, po ksi\u0105\u017cki i obrazy, kt\u00f3rymi si\u0119 otacza\u0142. Wystr\u00f3j wn\u0119trza pozosta\u0142 praktycznie nienaruszony od czas\u00f3w kt\u00f3rych mieszka\u0142 tu pisarz. Mamy mo\u017cliwo\u015b\u0107 obejrzenia licznych dzie\u0142 sztuki, kt\u00f3re s\u0105 zazwyczaj autorstwa przyjaci\u00f3\u0142 poety i jego \u017cony, liczne sprz\u0119ty codziennego u\u017cytku oraz meble.<\/p>\n<p><strong>Filia Muzeum Tatrza\u0144skiego<\/strong><\/p>\n<ul>\n<li>Ul. Tetmajera 15<\/li>\n<li>Tel. +48 18 201 22 63<\/li>\n<\/ul>\n<h3>Chata Saba\u0142y<\/h3>\n<p>To miejsce, w kt\u00f3rym <strong>zastyg\u0142 czas &#8211; zbudowana w XVIII wieku, reprezentuje najstarszy typ budownictwa g\u00f3rali z Podhala<\/strong>. Mieszka\u0142 tam Saba\u0142a, czyli Jan Krzeptowski znany w Zakopanem gaw\u0119dziarz i pie\u015bniarz. Obecni w\u0142a\u015bciciele domu <a title=\"urz\u0105dzili tam muzeum\" href=\"https:\/\/www.myzakopane.pl\/index.php\/chata-sabaly-na-krzeptowkach\/\">urz\u0105dzili tam muzeum<\/a>, w kt\u00f3rym mo\u017cemy zobaczy\u0107 oryginalne sprz\u0119ty domowe oraz wyposa\u017cenie charakterystyczne dla XIX wieczny g\u00f3rali.<\/p>\n<ul>\n<li>Ul. Krzept\u00f3wki 17<\/li>\n<\/ul>\n<h3>Teatr Witkacego<\/h3>\n<div id=\"attachment_326\" style=\"width: 310px\" class=\"wp-caption alignleft\"><a href=\"https:\/\/www.myzakopane.pl\/wp-content\/images\/teatr-witkacego-zakopane.jpg\"><img loading=\"lazy\" decoding=\"async\" aria-describedby=\"caption-attachment-326\" class=\"wp-image-326 size-full\" title=\"Teatr Witkacego\" src=\"https:\/\/www.myzakopane.pl\/wp-content\/images\/teatr-witkacego-zakopane-300x225.jpg\" alt=\"Teatr Witkacego\" width=\"300\" height=\"225\" \/><\/a><p id=\"caption-attachment-326\" class=\"wp-caption-text\">Teatr Witkacego (fot. ToSter, WikiMedia)<\/p><\/div>\n<p>Otwartemu w 1985 roku teatrowi nie wr\u00f3\u017cono powodzenia, \u017caden teatr wcze\u015bnie nie utrzyma\u0142 si\u0119 w Zakopanem d\u0142u\u017cej ni\u017c kilka sezon\u00f3w. Jednak <a title=\"Teatr Witkacego\" href=\"https:\/\/www.myzakopane.pl\/index.php\/teatr-witkacego\/\">Teatr Witkacego<\/a>,<strong> stworzony przez grup\u0119 adept\u00f3w krakowskiej szko\u0142y teatralnej<\/strong> do dzi\u015b daje przedstawienia i cieszy si\u0119 nies\u0142abn\u0105c\u0105 popularno\u015bci\u0105. Warto go odwiedzi\u0107 bo panuj\u0105ca w nim, podczas przedstawienia, atmosfera jest niepowtarzalna. W repertuarze znajdziemy stare, grane od lat przedstawienia, jak i nowe propozycje. Zesp\u00f3\u0142 artyst\u00f3w daje te\u017c spektakle wyjazdowe, w Krakowie, Sopocie czy Nowym S\u0105czu.<\/p>\n<ul>\n<li>Ul. Chramc\u00f3wki 15<\/li>\n<li>Tel. +48 18 20 00 660<\/li>\n<li>Strona: <a title=\"www.witkacy.pl\" href=\"http:\/\/www.witkacy.pl\" rel=\"nofollow\">www.witkacy.pl<\/a><\/li>\n<li>Mail: <a title=\"mailto:teatr@witkacy.pl\" href=\"mailto:teatr@witkacy.pl\">teatr@witkacy.pl<\/a><\/li>\n<\/ul>\n<h3>Galeria W\u0142adys\u0142awa Hasiora<\/h3>\n<p>W\u0142adys\u0142aw Hasior by\u0142 artyst\u0105, kt\u00f3ry uko\u0144czy\u0142 Liceum Technik Plastycznych w Zakopanem i przez ca\u0142e \u017cycie zwi\u0105zany by\u0142 z Podhalem. Budynek, w kt\u00f3rym obecnie mie\u015bci si\u0119 <a title=\"Galeria W\u0142adys\u0142awa Hasiora\" href=\"https:\/\/www.myzakopane.pl\/index.php\/galeria-wladyslawa-hasiora\/\">Galeria W\u0142adys\u0142awa Hasiora<\/a>, by\u0142 jego pracowni\u0105, mieszkaniem oraz miejscem spotka\u0144 z publiczno\u015bci\u0105. Ekscentryczne dzie\u0142a artysty do tworzenia, kt\u00f3rych <strong>wykorzystywa\u0142 gazet, starych zegar\u00f3w i zabawek dzieci\u0119cych<\/strong>, uwa\u017cane s\u0105 za jedne z zakopia\u0144skich skarb\u00f3w. W budynku muzeum znajduje si\u0119 r\u00f3wnie\u017c siedziba Og\u00f3lnopolskiego Towarzystwa Muzycznego im. Karola Szymanowskiego, kt\u00f3re cz\u0119sto organizuje w tym miejscu koncerty muzyki kameralnej i festiwale muzyczne.<\/p>\n<p><strong>Filia Muzeum Tatrza\u0144skiego<\/strong><\/p>\n<ul>\n<li>Ul. Jagiello\u0144ska 18b<\/li>\n<li>Tel. +48 18 206 68 71<\/li>\n<\/ul>\n<h3>Inne galerie<\/h3>\n<p><a title=\"Miejska Galeria Sztuki\" href=\"https:\/\/www.myzakopane.pl\/index.php\/miejska-galeria-sztuki-w-zakopanem\/\">Miejska Galeria Sztuki<\/a> im W\u0142adys\u0142awa Zamoyskiego prezentuje wsp\u00f3\u0142czesn\u0105 plastyk\u0119 polsk\u0105, organizuje pokazy film\u00f3w o sztuce, wieczory poezji i koncerty kameralne. Za\u015b <a title=\"galeria Sztuki W\u0142odzimierza i Jerzego Kulczyckich\" href=\"https:\/\/www.myzakopane.pl\/index.php\/galeria-sztuki\/\">galeria Sztuki W\u0142odzimierza i Jerzego Kulczyckich<\/a> prezentuje bezcenn\u0105 kolekcj\u0119 orientalnych kobierc\u00f3w i tkanin pochodz\u0105cych z r\u00f3\u017cnych kraj\u00f3w Azji; Kaukazu, Iranu, Turkiestanu i Afganistanu.<\/p>\n<p><strong>Miejska Galeria Sztuki<\/strong><\/p>\n<ul>\n<li>Ul. Krup\u00f3wki 41<\/li>\n<li>Tel. +48 18 201 27 92<\/li>\n<li>Strona: <a title=\"galeria.zakopane.pl\" href=\"http:\/\/galeria.zakopane.pl\" rel=\"nofollow\">galeria.zakopane.pl<\/a><\/li>\n<li>Mail: <a title=\"mgs@galeria.zakopane.pl\" href=\"mailto:mgs@galeria.zakopane.pl\">mgs@galeria.zakopane.pl<\/a><\/li>\n<\/ul>\n<div class=\"post-nav\">\n<h5><a class=\"post-nav-newer\" title=\"Ko\u015bcio\u0142y w Zakopanem\" href=\"https:\/\/www.myzakopane.pl\/index.php\/koscioly-w-zakopanem\/\">Ko\u015bcio\u0142y w Zakopanem<\/a><\/h5>\n<h5><a class=\"post-nav-older\" title=\"Doliny w Tatrach\" href=\"https:\/\/www.myzakopane.pl\/index.php\/doliny-w-tatrach\/\">Doliny w Tatrach<\/a><\/h5>\n<div class=\"clear\"><\/div>\n<\/div>\n","protected":false},"excerpt":{"rendered":"<p>Zakopane to nie tylko pi\u0119kne szczyty, czy mo\u017cliwo\u015b\u0107 w\u0119dr\u00f3wek po dolinach i szlakach w Tatrach. W Zakopanem mieszka\u0142o te\u017c wielu artyst\u00f3w, kt\u00f3rzy osiedlali si\u0119 tutaj. Ich tw\u00f3rczo\u015b\u0107 oraz wn\u0119trza ich dom\u00f3w mo\u017cemy podziwia\u0107 w muzeach, kt\u00f3re powsta\u0142y tutaj by upami\u0119tni\u0107 ich dokonania. Poni\u017cej znajdziemy najciekawsze muzea w Zakopanem oraz galerie, kt\u00f3re warto odwiedzi\u0107 b\u0119d\u0105c w [&hellip;]<\/p>\n","protected":false},"author":1,"featured_media":0,"parent":0,"menu_order":0,"comment_status":"closed","ping_status":"closed","template":"","meta":{"footnotes":""},"class_list":["post-3172","page","type-page","status-publish","hentry"],"yoast_head":"<!-- This site is optimized with the Yoast SEO plugin v26.2 - https:\/\/yoast.com\/wordpress\/plugins\/seo\/ -->\n<title>Muzea Zakopane - jakie muzea i galerie odwiedzi\u0107 w Zakopanem<\/title>\n<meta name=\"description\" content=\"Najwa\u017cniejsze muzea w Zakopanem jakie powinni\u015bmy zobaczy\u0107, je\u017celi chcemy zapozna\u0107 si\u0119 z kultur\u0105 g\u00f3ralsk\u0105 i dorobkiem znanych zakopia\u0144czyk\u00f3w.\" \/>\n<meta name=\"robots\" content=\"index, follow, max-snippet:-1, max-image-preview:large, max-video-preview:-1\" \/>\n<link rel=\"canonical\" href=\"https:\/\/www.myzakopane.pl\/index.php\/muzea-w-zakopanem\/\" \/>\n<meta name=\"twitter:label1\" content=\"Szacowany czas czytania\" \/>\n\t<meta name=\"twitter:data1\" content=\"7 minut\" \/>\n<script type=\"application\/ld+json\" class=\"yoast-schema-graph\">{\"@context\":\"https:\/\/schema.org\",\"@graph\":[{\"@type\":\"WebPage\",\"@id\":\"https:\/\/www.myzakopane.pl\/index.php\/muzea-w-zakopanem\/\",\"url\":\"https:\/\/www.myzakopane.pl\/index.php\/muzea-w-zakopanem\/\",\"name\":\"Muzea Zakopane - jakie muzea i galerie odwiedzi\u0107 w Zakopanem\",\"isPartOf\":{\"@id\":\"https:\/\/www.myzakopane.pl\/#website\"},\"primaryImageOfPage\":{\"@id\":\"https:\/\/www.myzakopane.pl\/index.php\/muzea-w-zakopanem\/#primaryimage\"},\"image\":{\"@id\":\"https:\/\/www.myzakopane.pl\/index.php\/muzea-w-zakopanem\/#primaryimage\"},\"thumbnailUrl\":\"http:\/\/www.myzakopane.pl\/wp-content\/images\/muzeum-tatrzanskie-300x225.jpg\",\"datePublished\":\"2016-06-13T19:16:25+00:00\",\"dateModified\":\"2024-11-17T22:51:00+00:00\",\"description\":\"Najwa\u017cniejsze muzea w Zakopanem jakie powinni\u015bmy zobaczy\u0107, je\u017celi chcemy zapozna\u0107 si\u0119 z kultur\u0105 g\u00f3ralsk\u0105 i dorobkiem znanych zakopia\u0144czyk\u00f3w.\",\"breadcrumb\":{\"@id\":\"https:\/\/www.myzakopane.pl\/index.php\/muzea-w-zakopanem\/#breadcrumb\"},\"inLanguage\":\"pl-PL\",\"potentialAction\":[{\"@type\":\"ReadAction\",\"target\":[\"https:\/\/www.myzakopane.pl\/index.php\/muzea-w-zakopanem\/\"]}]},{\"@type\":\"ImageObject\",\"inLanguage\":\"pl-PL\",\"@id\":\"https:\/\/www.myzakopane.pl\/index.php\/muzea-w-zakopanem\/#primaryimage\",\"url\":\"http:\/\/www.myzakopane.pl\/wp-content\/images\/muzeum-tatrzanskie-300x225.jpg\",\"contentUrl\":\"http:\/\/www.myzakopane.pl\/wp-content\/images\/muzeum-tatrzanskie-300x225.jpg\"},{\"@type\":\"BreadcrumbList\",\"@id\":\"https:\/\/www.myzakopane.pl\/index.php\/muzea-w-zakopanem\/#breadcrumb\",\"itemListElement\":[{\"@type\":\"ListItem\",\"position\":1,\"name\":\"Strona g\u0142\u00f3wna\",\"item\":\"https:\/\/www.myzakopane.pl\/\"},{\"@type\":\"ListItem\",\"position\":2,\"name\":\"Muzea w Zakopanem\"}]},{\"@type\":\"WebSite\",\"@id\":\"https:\/\/www.myzakopane.pl\/#website\",\"url\":\"https:\/\/www.myzakopane.pl\/\",\"name\":\"Zakopane atrakcje turystyczne \u2013 co warto zobaczy\u0107 w Zakopanem\",\"description\":\"\",\"potentialAction\":[{\"@type\":\"SearchAction\",\"target\":{\"@type\":\"EntryPoint\",\"urlTemplate\":\"https:\/\/www.myzakopane.pl\/?s={search_term_string}\"},\"query-input\":{\"@type\":\"PropertyValueSpecification\",\"valueRequired\":true,\"valueName\":\"search_term_string\"}}],\"inLanguage\":\"pl-PL\"}]}<\/script>\n<!-- \/ Yoast SEO plugin. -->","yoast_head_json":{"title":"Muzea Zakopane - jakie muzea i galerie odwiedzi\u0107 w Zakopanem","description":"Najwa\u017cniejsze muzea w Zakopanem jakie powinni\u015bmy zobaczy\u0107, je\u017celi chcemy zapozna\u0107 si\u0119 z kultur\u0105 g\u00f3ralsk\u0105 i dorobkiem znanych zakopia\u0144czyk\u00f3w.","robots":{"index":"index","follow":"follow","max-snippet":"max-snippet:-1","max-image-preview":"max-image-preview:large","max-video-preview":"max-video-preview:-1"},"canonical":"https:\/\/www.myzakopane.pl\/index.php\/muzea-w-zakopanem\/","twitter_misc":{"Szacowany czas czytania":"7 minut"},"schema":{"@context":"https:\/\/schema.org","@graph":[{"@type":"WebPage","@id":"https:\/\/www.myzakopane.pl\/index.php\/muzea-w-zakopanem\/","url":"https:\/\/www.myzakopane.pl\/index.php\/muzea-w-zakopanem\/","name":"Muzea Zakopane - jakie muzea i galerie odwiedzi\u0107 w Zakopanem","isPartOf":{"@id":"https:\/\/www.myzakopane.pl\/#website"},"primaryImageOfPage":{"@id":"https:\/\/www.myzakopane.pl\/index.php\/muzea-w-zakopanem\/#primaryimage"},"image":{"@id":"https:\/\/www.myzakopane.pl\/index.php\/muzea-w-zakopanem\/#primaryimage"},"thumbnailUrl":"http:\/\/www.myzakopane.pl\/wp-content\/images\/muzeum-tatrzanskie-300x225.jpg","datePublished":"2016-06-13T19:16:25+00:00","dateModified":"2024-11-17T22:51:00+00:00","description":"Najwa\u017cniejsze muzea w Zakopanem jakie powinni\u015bmy zobaczy\u0107, je\u017celi chcemy zapozna\u0107 si\u0119 z kultur\u0105 g\u00f3ralsk\u0105 i dorobkiem znanych zakopia\u0144czyk\u00f3w.","breadcrumb":{"@id":"https:\/\/www.myzakopane.pl\/index.php\/muzea-w-zakopanem\/#breadcrumb"},"inLanguage":"pl-PL","potentialAction":[{"@type":"ReadAction","target":["https:\/\/www.myzakopane.pl\/index.php\/muzea-w-zakopanem\/"]}]},{"@type":"ImageObject","inLanguage":"pl-PL","@id":"https:\/\/www.myzakopane.pl\/index.php\/muzea-w-zakopanem\/#primaryimage","url":"http:\/\/www.myzakopane.pl\/wp-content\/images\/muzeum-tatrzanskie-300x225.jpg","contentUrl":"http:\/\/www.myzakopane.pl\/wp-content\/images\/muzeum-tatrzanskie-300x225.jpg"},{"@type":"BreadcrumbList","@id":"https:\/\/www.myzakopane.pl\/index.php\/muzea-w-zakopanem\/#breadcrumb","itemListElement":[{"@type":"ListItem","position":1,"name":"Strona g\u0142\u00f3wna","item":"https:\/\/www.myzakopane.pl\/"},{"@type":"ListItem","position":2,"name":"Muzea w Zakopanem"}]},{"@type":"WebSite","@id":"https:\/\/www.myzakopane.pl\/#website","url":"https:\/\/www.myzakopane.pl\/","name":"Zakopane atrakcje turystyczne \u2013 co warto zobaczy\u0107 w Zakopanem","description":"","potentialAction":[{"@type":"SearchAction","target":{"@type":"EntryPoint","urlTemplate":"https:\/\/www.myzakopane.pl\/?s={search_term_string}"},"query-input":{"@type":"PropertyValueSpecification","valueRequired":true,"valueName":"search_term_string"}}],"inLanguage":"pl-PL"}]}},"_links":{"self":[{"href":"https:\/\/www.myzakopane.pl\/index.php\/wp-json\/wp\/v2\/pages\/3172","targetHints":{"allow":["GET"]}}],"collection":[{"href":"https:\/\/www.myzakopane.pl\/index.php\/wp-json\/wp\/v2\/pages"}],"about":[{"href":"https:\/\/www.myzakopane.pl\/index.php\/wp-json\/wp\/v2\/types\/page"}],"author":[{"embeddable":true,"href":"https:\/\/www.myzakopane.pl\/index.php\/wp-json\/wp\/v2\/users\/1"}],"replies":[{"embeddable":true,"href":"https:\/\/www.myzakopane.pl\/index.php\/wp-json\/wp\/v2\/comments?post=3172"}],"version-history":[{"count":0,"href":"https:\/\/www.myzakopane.pl\/index.php\/wp-json\/wp\/v2\/pages\/3172\/revisions"}],"wp:attachment":[{"href":"https:\/\/www.myzakopane.pl\/index.php\/wp-json\/wp\/v2\/media?parent=3172"}],"curies":[{"name":"wp","href":"https:\/\/api.w.org\/{rel}","templated":true}]}}