{"id":3179,"date":"2016-06-13T21:24:49","date_gmt":"2016-06-13T19:24:49","guid":{"rendered":"http:\/\/www.myzakopane.pl\/?page_id=3179"},"modified":"2024-11-17T23:50:39","modified_gmt":"2024-11-17T22:50:39","slug":"koscioly-w-zakopanem","status":"publish","type":"page","link":"https:\/\/www.myzakopane.pl\/index.php\/koscioly-w-zakopanem\/","title":{"rendered":"Ko\u015bcio\u0142y w Zakopanem"},"content":{"rendered":"<p>Jednym z powod\u00f3w, dla kt\u00f3rego tak wiele os\u00f3b odwiedza Zakopane, jest charakterystyczna &#8211; drewniana architektura tego miasta. Wi\u0119kszo\u015b\u0107 budynk\u00f3w by\u0142a w tym mie\u015bcie budowana z drewna w charakterystyczny stylu wymy\u015blony i zaszczepiony przez Witkiewicza nazywanym stylem zakopia\u0144skim. Stare ko\u015bcio\u0142y w Zakopanem s\u0105 praktycznie w ca\u0142o\u015bci wykonane z drewna co sprawia, \u017ce naprawd\u0119 warte s\u0105 odwiedzenia. Nowsze, mimo \u017ce budowane z ceg\u0142y czy betonu w \u015brodku dalej maj\u0105 drewniany charakter.<\/p>\n<h3>Sanktuarium na Krzept\u00f3wkach<\/h3>\n<div id=\"attachment_854\" style=\"width: 310px\" class=\"wp-caption alignleft\"><a href=\"https:\/\/www.myzakopane.pl\/wp-content\/images\/wnetrze-sanktuarium.jpg\"><img loading=\"lazy\" decoding=\"async\" aria-describedby=\"caption-attachment-854\" class=\"wp-image-854 size-full\" title=\"Sanktuarium na Krzept\u00f3wkach\" src=\"https:\/\/www.myzakopane.pl\/wp-content\/images\/wnetrze-sanktuarium-300x225.jpg\" alt=\"Sanktuarium na Krzept\u00f3wkach\" width=\"300\" height=\"225\" \/><\/a><p id=\"caption-attachment-854\" class=\"wp-caption-text\">Sanktuarium na Krzept\u00f3wkach (fot. w\u0142asna)<\/p><\/div>\n<p>Budowa sanktuarium pw. Matki Bo\u017cej Fatimskiej w Zakopanem rozpocz\u0119\u0142a si\u0119 w 1987 roku &#8211; wtedy bp Kazimierz G\u00f3rny po\u015bwi\u0119ci\u0142 plac pod budow\u0119 i zako\u0144czono w 1992 roku. Powsta\u0142o by wyrazi\u0107 podzi\u0119kowanie za ocalenia \u017cycia papie\u017ca Jana Paw\u0142a II w zamachu z 1981 roku. <a title=\"Sanktuarium Matki Bo\u017cej Fatimskiej\" href=\"https:\/\/www.myzakopane.pl\/index.php\/sanktuarium-na-krzeptowkach\/\">Sanktuarium Matki Bo\u017cej Fatimskiej<\/a> to ko\u015bci\u00f3\u0142 po Jej wezwaniem oraz kapliczka (powsta\u0142a w latach 50-tych), gdzie znajduje si\u0119 figurka Matki Bo\u017cej. Papie\u017c przyby\u0142 tutaj w 1997 roku by dokona\u0107 konsekracji ko\u015bcio\u0142a i podzi\u0119kowa\u0107 liczne modlitwy w jego intencji. Sanktuarium na Krzept\u00f3wkach jest licznie odwiedzane przez rzesze wiernych, kt\u00f3rzy chc\u0105 odda\u0107 ho\u0142d oraz zobaczy\u0107 pi\u0119kne wn\u0119trza.<\/p>\n<ul>\n<li><strong>Ul.<\/strong> Krzept\u00f3wki 14<\/li>\n<li><strong>Tel.<\/strong> +48 18 20 66 420<\/li>\n<li><strong>Mail:<\/strong> <a title=\"sekretariat@smbf.pl\" href=\"mailto:sekretariat@smbf.pl\">sekretariat@smbf.pl<\/a><\/li>\n<li><strong>Strona:<\/strong> <a title=\"www.smbf.pl\" href=\"http:\/\/www.smbf.pl\">www.smbf.pl<\/a><\/li>\n<li><strong>Msze \u015bw.<\/strong> (niedziela): 7:00 8:30 10:00 11:30 17:00 19:00<\/li>\n<\/ul>\n<h3>Stary ko\u015bci\u00f3\u0142<\/h3>\n<div id=\"attachment_1012\" style=\"width: 310px\" class=\"wp-caption alignleft\"><a href=\"https:\/\/www.myzakopane.pl\/wp-content\/images\/stary-kosciol-zakopane.jpg\"><img loading=\"lazy\" decoding=\"async\" aria-describedby=\"caption-attachment-1012\" class=\"wp-image-1012 size-full\" title=\"Stary ko\u015bci\u00f3\u0142 w Zakopanem\" src=\"https:\/\/www.myzakopane.pl\/wp-content\/images\/stary-kosciol-zakopane-300x225.jpg\" alt=\"Stary ko\u015bci\u00f3\u0142 w Zakopanem\" width=\"300\" height=\"225\" \/><\/a><p id=\"caption-attachment-1012\" class=\"wp-caption-text\">Stary Ko\u015bci\u00f3\u0142 w Zakopanem (fot. w\u0142asna)<\/p><\/div>\n<p>Ko\u015bci\u00f3\u0142 przy ulicy Ko\u015bcieliskiej jest najstarszym drewnianym obiektem sakralnym jaki zosta\u0142 zbudowany w Zakopanem. Obok znajduje si\u0119 murowana kapliczka oraz stary cmentarz na P\u0119kowym Brzyzku. Pochowani s\u0105 na nim znani zakopia\u0144czycy oraz osoby zas\u0142u\u017cone dla miasta Zakopanego. <a title=\"Stary Ko\u015bci\u00f3\u0142 i cmentarz na P\u0119kowym Brzyzku\" href=\"https:\/\/www.myzakopane.pl\/index.php\/cmentarz-na-peksowym-brzyzku-i-stary-kosciol\/\">Stary Ko\u015bci\u00f3\u0142 i cmentarz na P\u0119kowym Brzyzku<\/a> le\u017c\u0105 bardzo blisko Krup\u00f3wek i warto wybra\u0107 si\u0119 tam na spacer. Drewniane wn\u0119trze ko\u015bcio\u0142a na pewno zas\u0142uguje na uwag\u0119 a na cmentarzu mo\u017cna zobaczy\u0107 nagrobki, z kt\u00f3rych wiele jest prawdziwymi dzie\u0142ami sztuki. Ko\u015bci\u00f3\u0142 znajduje si\u0119 na mapie Szlaku Architektury Drewnianej.<\/p>\n<ul>\n<li><strong>Ul. Ko\u015bcieliska<\/strong> (2 min od Krup\u00f3wek w stron\u0119 Ko\u015bcieliska)<\/li>\n<li><strong>Msze \u015bw.<\/strong> (niedziela): 830 1000 1800<\/li>\n<\/ul>\n<h3>Ko\u015bci\u00f3\u0142 na Krup\u00f3wkach<\/h3>\n<div id=\"attachment_390\" style=\"width: 310px\" class=\"wp-caption alignleft\"><a href=\"https:\/\/www.myzakopane.pl\/wp-content\/images\/kosciol-sw-rodziny-krupowki.jpg\"><img loading=\"lazy\" decoding=\"async\" aria-describedby=\"caption-attachment-390\" class=\"wp-image-390 size-full\" title=\"Ko\u015bci\u00f3\u0142 \u015bw. Rodziny na Krup\u00f3wkach\" src=\"https:\/\/www.myzakopane.pl\/wp-content\/images\/kosciol-sw-rodziny-krupowki-300x225.jpg\" alt=\"Ko\u015bci\u00f3\u0142 \u015bw. Rodziny na Krup\u00f3wkach\" width=\"300\" height=\"225\" \/><\/a><p id=\"caption-attachment-390\" class=\"wp-caption-text\">Ko\u015bci\u00f3\u0142 \u015bw. Rodziny na Krup\u00f3wkach (fot. w\u0142asna)<\/p><\/div>\n<p>Ko\u015bci\u00f3\u0142 pod wezwaniem \u015bw. Rodziny na Krup\u00f3wkach jest jednym z bardziej rozpoznawalnych miejsc w Zakopanem. Jego charakterystyczny zielony dach widoczny jest praktycznie z ka\u017cdego miejsca w Zakopanem. Jego budow\u0119 rozpocz\u0105\u0142 Ks. J\u00f3zef Stolarczyk w 1877 roku a w 1899 zosta\u0142 on konsekrowany. W 1997 roku Muzeum Tatrza\u0144skiego zorganizowa\u0142o sympozja z okazji 150-lecia istnienia parafii w Zakopanem. Warto odwiedzi\u0107 <a title=\"Ko\u015bci\u00f3\u0142 \u015bw. Rodziny\" href=\"https:\/\/www.myzakopane.pl\/index.php\/kosciol-na-krupowkach\/\">Ko\u015bci\u00f3\u0142 \u015bw. Rodziny<\/a> z uwagi na elementy wystroju nawi\u0105zuj\u0105ce do stylu zakopia\u0144skiego a tak\u017ce boczn\u0105 kaplic\u0119 zaprojektowan\u0105 przez Stanis\u0142awa Witkiewicza.<\/p>\n<ul>\n<li><strong>Ul.<\/strong> Krup\u00f3wki 1a<\/li>\n<li><strong>Tel.<\/strong> +48 18 20 12 441<\/li>\n<li><strong>Mail:<\/strong> <a title=\"parafianajswrodziny@o2.pl\" href=\"mailto:parafianajswrodziny@o2.pl\">parafianajswrodziny@o2.pl<\/a><\/li>\n<li><strong>Strona:<\/strong> <a title=\"www.swrodzina.net\" href=\"http:\/\/www.swrodzina.net\">www.swrodzina.net<\/a><\/li>\n<li><strong>Msze \u015bw.<\/strong> (niedziela): 6:30 8:00 9:30 11:00 12:30 15:00 (po \u0142acinie) 17:00 19:00<\/li>\n<\/ul>\n<h3>Kaplica na Jaszczur\u00f3wce<\/h3>\n<div id=\"attachment_682\" style=\"width: 310px\" class=\"wp-caption alignleft\"><a href=\"https:\/\/www.myzakopane.pl\/wp-content\/images\/kaplica-na-jaszczurowce.jpg\"><img loading=\"lazy\" decoding=\"async\" aria-describedby=\"caption-attachment-682\" class=\"wp-image-682 size-full\" title=\"Kaplica na Jaszur\u00f3wce\" src=\"https:\/\/www.myzakopane.pl\/wp-content\/images\/kaplica-na-jaszczurowce-300x225.jpg\" alt=\"Kaplica na Jaszur\u00f3wce\" width=\"300\" height=\"225\" \/><\/a><p id=\"caption-attachment-682\" class=\"wp-caption-text\">Kaplica na Jaszur\u00f3wce w Zakopanem (fot. Jakub Ga\u0142ka, WikiMedia)<\/p><\/div>\n<p>Ca\u0142\u0105 drewnian\u0105 kapliczk\u0119 zaprojektowa\u0142 Stanis\u0142aw Witkiewicz, kt\u00f3ry w ten spos\u00f3b propagowa\u0142 wymy\u015blony przez siebie styl zakopia\u0144ski. <a title=\"Kapliczk\u0119 na Jaszczur\u00f3wce\" href=\"https:\/\/www.myzakopane.pl\/index.php\/kaplica-na-jaszczurowce\/\">Kapliczk\u0119 na Jaszczur\u00f3wce<\/a> budowano 3 lata &#8211; po\u015bwi\u0119cona zosta\u0142a w 1907 roku. We wn\u0119trzu znajdziemy witra\u017ce przedstawiaj\u0105ce Matk\u0119 Bosk\u0105 Cz\u0119stochowsk\u0105, herby Polski i Litwy oraz o\u0142tarze boczne wykonane w ca\u0142o\u015bci z drewna. Kapliczka po\u0142o\u017cona w malowniczej dzielnicy Zakopanego &#8211; Jaszczur\u00f3wce &#8211; jest te\u017c fragmentem Szlaku Architektury Drewnianej.<\/p>\n<p><strong>Ul.<\/strong> Oswalda Balzera 31<br \/>\n<strong>Msze \u015bw.<\/strong> (niedziela): 10:00 17:00<\/p>\n<h3>Sanktuarium na Wiktor\u00f3wkach<\/h3>\n<div id=\"attachment_493\" style=\"width: 310px\" class=\"wp-caption alignleft\"><a href=\"https:\/\/www.myzakopane.pl\/wp-content\/images\/sanktuarium-na-wiktorowkach.jpg\"><img loading=\"lazy\" decoding=\"async\" aria-describedby=\"caption-attachment-493\" class=\"wp-image-493 size-full\" title=\"Sanktuarium na Wiktor\u00f3wkach\" src=\"https:\/\/www.myzakopane.pl\/wp-content\/images\/sanktuarium-na-wiktorowkach-300x225.jpg\" alt=\"Sanktuarium na Wiktor\u00f3wkach\" width=\"300\" height=\"225\" \/><\/a><p id=\"caption-attachment-493\" class=\"wp-caption-text\">Sanktuarium na Wiktor\u00f3wkach (fot. w\u0142asna)<\/p><\/div>\n<p>Jeden z pi\u0119kniej po\u0142o\u017conych ko\u015bci\u00f3\u0142k\u00f3w w okolicach Zakopanego, niedaleko Rusinowej Polany stoi <a title=\"Sanktuarium MB Jaworzy\u0144skiej, Kr\u00f3lowej Tatr\" href=\"https:\/\/www.myzakopane.pl\/index.php\/sanktuarium-na-wiktorowkach\/\">Sanktuarium MB Jaworzy\u0144skiej, Kr\u00f3lowej Tatr<\/a>. Sanktuarium w ca\u0142o\u015bci wykonane jest z drewna a w \u015brodku mie\u015bci si\u0119 o\u0142tarz z figurk\u0105 Matki Bo\u017cej. Miejsce jest ch\u0119tnie odwiedzane przez turyst\u00f3w zar\u00f3wno w niedziele, kiedy plac przed ko\u015bci\u00f3\u0142kiem pe\u0142en jest modl\u0105cych si\u0119 os\u00f3b, jak i w dni powszednie. Naj\u0142atwiej dotrze\u0107 tam z Palenicy (parking przed Morskim Okiem) i niebieskim szlakiem 40 min na Rusinow\u0105 a potem 10 min na Wiktor\u00f3wki.<\/p>\n<p><strong>Ul.<\/strong> Wiktor\u00f3wki 1<br \/>\n<strong>Tel.<\/strong> +48 18 20 19 850<br \/>\n<strong>Strona:<\/strong> <a title=\"wiktorowki.dominikanie.pl\" href=\"http:\/\/wiktorowki.dominikanie.pl\">wiktorowki.dominikanie.pl<\/a><br \/>\n<strong>Msze \u015bw.<\/strong> (niedziela): 9:00 11:00 13:00 17:00<\/p>\n<h3>Ko\u015bci\u00f3\u0142 \u015aw. Krzy\u017c<\/h3>\n<p>Do\u015b\u0107 m\u0142ody ko\u015bci\u00f3\u0142 wybudowany w latach 1983 &#8211; 1991 w nowoczesnym stylu. Projektantem \u015bwi\u0105tyni by\u0142 Witold C\u0119ckiewicz, kt\u00f3ry jest r\u00f3wnie\u017c autorem wn\u0119trza. Warte uwagi s\u0105 witra\u017ce zaprojektowane przez Jerzego Sk\u0105pskiego, a wykonane przez Ann\u0119 i Ireneusza Zarzycckich.<\/p>\n<p><strong>Ul.<\/strong> Cha\u0142ubi\u0144skiego 30<br \/>\n<strong>Tel.<\/strong> +18 20 63 971<br \/>\n<strong>Mail:<\/strong> <a title=\"parafia@swkrzyz-zakopane.pl\" href=\"mailto:parafia@swkrzyz-zakopane.pl\">parafia@swkrzyz-zakopane.pl<\/a><br \/>\n<strong>Strona:<\/strong> <a title=\"www.swkrzyz-zakopane.pl\" href=\"http:\/\/www.swkrzyz-zakopane.pl\">www.swkrzyz-zakopane.pl<\/a><br \/>\n<strong>Msze \u015bw.<\/strong> (niedziela): 6:30 8:00 9:00 10:30 12:00 (dla dzieci) 19:00<\/p>\n<h3>Ko\u015bci\u00f3\u0142 OO. Bernardyn\u00f3w<\/h3>\n<div id=\"attachment_2351\" style=\"width: 310px\" class=\"wp-caption alignleft\"><a href=\"https:\/\/www.myzakopane.pl\/wp-content\/images\/kosciol-oo-bernardynow.jpg\"><img loading=\"lazy\" decoding=\"async\" aria-describedby=\"caption-attachment-2351\" class=\"wp-image-2351 size-full\" title=\"Ko\u015bci\u00f3\u0142 OO. Bernardyn\u00f3w w Zakopanem\" src=\"https:\/\/www.myzakopane.pl\/wp-content\/images\/kosciol-oo-bernardynow-300x225.jpg\" alt=\"Ko\u015bci\u00f3\u0142 OO. Bernardyn\u00f3w w Zakopanem\" width=\"300\" height=\"225\" srcset=\"https:\/\/www.myzakopane.pl\/wp-content\/images\/kosciol-oo-bernardynow-300x225.jpg 300w, https:\/\/www.myzakopane.pl\/wp-content\/images\/kosciol-oo-bernardynow-300x225-150x112.jpg 150w\" sizes=\"auto, (max-width: 300px) 100vw, 300px\" \/><\/a><p id=\"caption-attachment-2351\" class=\"wp-caption-text\">Zakopanem (\u017ar\u00f3d\u0142o: www.bernardyni.ofm.pl)<\/p><\/div>\n<p>Ten malowniczy ko\u015bci\u00f3\u0142ek po\u0142o\u017cony jest u podn\u00f3\u017ca Tatr niedaleko drogi prowadz\u0105cej do Ku\u017anic. Pocz\u0105tkowo w willi zakupionej przez Bernardyn\u00f3w mie\u015bci\u0142o si\u0119 miejsce dla starszych i chorych zakonnik\u00f3w. Willa wybudowana zosta\u0142a w stylu zakopia\u0144skim, na kamiennej podmur\u00f3wce. Wn\u0119trze ko\u015bcio\u0142a w ca\u0142o\u015bci wykonane jest z drewna a w g\u0142\u00f3wnym o\u0142tarzu znajduje si\u0119 drewniana rze\u017aba patrona ko\u015bcio\u0142a &#8211; \u015bw. Antoniego. Okoliczna przyroda, blisko\u015b\u0107 szlak\u00f3w turystycznych czy stok\u00f3w narciarskich na Nosalu zach\u0119ca do wypoczynku w tym miejscu. Istnieje mo\u017cliwo\u015b\u0107 wynajmu pokoi osob\u0105 duchownym oraz \u015bwieckim.<\/p>\n<p><strong>Ul.<\/strong> Bulwary S\u0142owackiego 33<br \/>\n<strong>Tel.<\/strong> +18 20 12 692<br \/>\n<strong>Mail:<\/strong> <a title=\"zakopane@bernardyni.pl\" href=\"mailto:zakopane@bernardyni.pl\">zakopane@bernardyni.pl<\/a><br \/>\n<strong>Strona:<\/strong> <a title=\"www.zakopane.bernardyni.pl\" href=\"http:\/\/www.zakopane.bernardyni.pl\">www.zakopane.bernardyni.pl<\/a><br \/>\n<strong>Msze \u015bw.<\/strong> (niedziela): 7:00 8:30 10:00 11:30 17:00 19:00<\/p>\n<p>Do pobrania (PDF) <a title=\"lista ko\u015bcio\u0142\u00f3w i godziny mszy \u015bwi\u0119tych\" href=\"https:\/\/www.myzakopane.pl\/wp-content\/images\/lista-kosciolow-godz-mszy-swietych.pdf\" target=\"_blank\">lista ko\u015bcio\u0142\u00f3w i godziny mszy \u015bwi\u0119tych<\/a> w Zakopanem i okolicach.<\/p>\n<div class=\"post-nav\">\n<h5><a class=\"post-nav-newer\" title=\"Termy w Zakopanem\" href=\"https:\/\/www.myzakopane.pl\/index.php\/termy-w-zakopanem-i-tatrach\/\">Termy w Zakopanem<\/a><\/h5>\n<h5><a class=\"post-nav-older\" title=\"Muzea w Zakopanem\" href=\"https:\/\/www.myzakopane.pl\/index.php\/muzea-w-zakopanem\/\">Muzea w Zakopanem<\/a><\/h5>\n<div class=\"clear\"><\/div>\n<\/div>\n","protected":false},"excerpt":{"rendered":"<p>Jednym z powod\u00f3w, dla kt\u00f3rego tak wiele os\u00f3b odwiedza Zakopane, jest charakterystyczna &#8211; drewniana architektura tego miasta. Wi\u0119kszo\u015b\u0107 budynk\u00f3w by\u0142a w tym mie\u015bcie budowana z drewna w charakterystyczny stylu wymy\u015blony i zaszczepiony przez Witkiewicza nazywanym stylem zakopia\u0144skim. Stare ko\u015bcio\u0142y w Zakopanem s\u0105 praktycznie w ca\u0142o\u015bci wykonane z drewna co sprawia, \u017ce naprawd\u0119 warte s\u0105 odwiedzenia. [&hellip;]<\/p>\n","protected":false},"author":1,"featured_media":0,"parent":0,"menu_order":0,"comment_status":"closed","ping_status":"closed","template":"","meta":{"footnotes":""},"class_list":["post-3179","page","type-page","status-publish","hentry"],"yoast_head":"<!-- This site is optimized with the Yoast SEO plugin v26.2 - https:\/\/yoast.com\/wordpress\/plugins\/seo\/ -->\n<title>Ko\u015bcio\u0142y Zakopane - godziny mszy \u015bwi\u0119tych i lokalizacje<\/title>\n<meta name=\"description\" content=\"Najwa\u017cniejsze i zabytkowe ko\u015bcio\u0142y w Zakopanem, kt\u00f3re warto zobaczy\u0107. Zobacz, gdzie si\u0119 znajduj\u0105 i kiedy s\u0105 godziny mszy \u015bwi\u0119tych.\" \/>\n<meta name=\"robots\" content=\"index, follow, max-snippet:-1, max-image-preview:large, max-video-preview:-1\" \/>\n<link rel=\"canonical\" href=\"https:\/\/www.myzakopane.pl\/index.php\/koscioly-w-zakopanem\/\" \/>\n<meta name=\"twitter:label1\" content=\"Szacowany czas czytania\" \/>\n\t<meta name=\"twitter:data1\" content=\"7 minut\" \/>\n<script type=\"application\/ld+json\" class=\"yoast-schema-graph\">{\"@context\":\"https:\/\/schema.org\",\"@graph\":[{\"@type\":\"WebPage\",\"@id\":\"https:\/\/www.myzakopane.pl\/index.php\/koscioly-w-zakopanem\/\",\"url\":\"https:\/\/www.myzakopane.pl\/index.php\/koscioly-w-zakopanem\/\",\"name\":\"Ko\u015bcio\u0142y Zakopane - godziny mszy \u015bwi\u0119tych i lokalizacje\",\"isPartOf\":{\"@id\":\"https:\/\/www.myzakopane.pl\/#website\"},\"primaryImageOfPage\":{\"@id\":\"https:\/\/www.myzakopane.pl\/index.php\/koscioly-w-zakopanem\/#primaryimage\"},\"image\":{\"@id\":\"https:\/\/www.myzakopane.pl\/index.php\/koscioly-w-zakopanem\/#primaryimage\"},\"thumbnailUrl\":\"http:\/\/www.myzakopane.pl\/wp-content\/images\/wnetrze-sanktuarium-300x225.jpg\",\"datePublished\":\"2016-06-13T19:24:49+00:00\",\"dateModified\":\"2024-11-17T22:50:39+00:00\",\"description\":\"Najwa\u017cniejsze i zabytkowe ko\u015bcio\u0142y w Zakopanem, kt\u00f3re warto zobaczy\u0107. Zobacz, gdzie si\u0119 znajduj\u0105 i kiedy s\u0105 godziny mszy \u015bwi\u0119tych.\",\"breadcrumb\":{\"@id\":\"https:\/\/www.myzakopane.pl\/index.php\/koscioly-w-zakopanem\/#breadcrumb\"},\"inLanguage\":\"pl-PL\",\"potentialAction\":[{\"@type\":\"ReadAction\",\"target\":[\"https:\/\/www.myzakopane.pl\/index.php\/koscioly-w-zakopanem\/\"]}]},{\"@type\":\"ImageObject\",\"inLanguage\":\"pl-PL\",\"@id\":\"https:\/\/www.myzakopane.pl\/index.php\/koscioly-w-zakopanem\/#primaryimage\",\"url\":\"http:\/\/www.myzakopane.pl\/wp-content\/images\/wnetrze-sanktuarium-300x225.jpg\",\"contentUrl\":\"http:\/\/www.myzakopane.pl\/wp-content\/images\/wnetrze-sanktuarium-300x225.jpg\"},{\"@type\":\"BreadcrumbList\",\"@id\":\"https:\/\/www.myzakopane.pl\/index.php\/koscioly-w-zakopanem\/#breadcrumb\",\"itemListElement\":[{\"@type\":\"ListItem\",\"position\":1,\"name\":\"Strona g\u0142\u00f3wna\",\"item\":\"https:\/\/www.myzakopane.pl\/\"},{\"@type\":\"ListItem\",\"position\":2,\"name\":\"Ko\u015bcio\u0142y w Zakopanem\"}]},{\"@type\":\"WebSite\",\"@id\":\"https:\/\/www.myzakopane.pl\/#website\",\"url\":\"https:\/\/www.myzakopane.pl\/\",\"name\":\"Zakopane atrakcje turystyczne \u2013 co warto zobaczy\u0107 w Zakopanem\",\"description\":\"\",\"potentialAction\":[{\"@type\":\"SearchAction\",\"target\":{\"@type\":\"EntryPoint\",\"urlTemplate\":\"https:\/\/www.myzakopane.pl\/?s={search_term_string}\"},\"query-input\":{\"@type\":\"PropertyValueSpecification\",\"valueRequired\":true,\"valueName\":\"search_term_string\"}}],\"inLanguage\":\"pl-PL\"}]}<\/script>\n<!-- \/ Yoast SEO plugin. -->","yoast_head_json":{"title":"Ko\u015bcio\u0142y Zakopane - godziny mszy \u015bwi\u0119tych i lokalizacje","description":"Najwa\u017cniejsze i zabytkowe ko\u015bcio\u0142y w Zakopanem, kt\u00f3re warto zobaczy\u0107. Zobacz, gdzie si\u0119 znajduj\u0105 i kiedy s\u0105 godziny mszy \u015bwi\u0119tych.","robots":{"index":"index","follow":"follow","max-snippet":"max-snippet:-1","max-image-preview":"max-image-preview:large","max-video-preview":"max-video-preview:-1"},"canonical":"https:\/\/www.myzakopane.pl\/index.php\/koscioly-w-zakopanem\/","twitter_misc":{"Szacowany czas czytania":"7 minut"},"schema":{"@context":"https:\/\/schema.org","@graph":[{"@type":"WebPage","@id":"https:\/\/www.myzakopane.pl\/index.php\/koscioly-w-zakopanem\/","url":"https:\/\/www.myzakopane.pl\/index.php\/koscioly-w-zakopanem\/","name":"Ko\u015bcio\u0142y Zakopane - godziny mszy \u015bwi\u0119tych i lokalizacje","isPartOf":{"@id":"https:\/\/www.myzakopane.pl\/#website"},"primaryImageOfPage":{"@id":"https:\/\/www.myzakopane.pl\/index.php\/koscioly-w-zakopanem\/#primaryimage"},"image":{"@id":"https:\/\/www.myzakopane.pl\/index.php\/koscioly-w-zakopanem\/#primaryimage"},"thumbnailUrl":"http:\/\/www.myzakopane.pl\/wp-content\/images\/wnetrze-sanktuarium-300x225.jpg","datePublished":"2016-06-13T19:24:49+00:00","dateModified":"2024-11-17T22:50:39+00:00","description":"Najwa\u017cniejsze i zabytkowe ko\u015bcio\u0142y w Zakopanem, kt\u00f3re warto zobaczy\u0107. Zobacz, gdzie si\u0119 znajduj\u0105 i kiedy s\u0105 godziny mszy \u015bwi\u0119tych.","breadcrumb":{"@id":"https:\/\/www.myzakopane.pl\/index.php\/koscioly-w-zakopanem\/#breadcrumb"},"inLanguage":"pl-PL","potentialAction":[{"@type":"ReadAction","target":["https:\/\/www.myzakopane.pl\/index.php\/koscioly-w-zakopanem\/"]}]},{"@type":"ImageObject","inLanguage":"pl-PL","@id":"https:\/\/www.myzakopane.pl\/index.php\/koscioly-w-zakopanem\/#primaryimage","url":"http:\/\/www.myzakopane.pl\/wp-content\/images\/wnetrze-sanktuarium-300x225.jpg","contentUrl":"http:\/\/www.myzakopane.pl\/wp-content\/images\/wnetrze-sanktuarium-300x225.jpg"},{"@type":"BreadcrumbList","@id":"https:\/\/www.myzakopane.pl\/index.php\/koscioly-w-zakopanem\/#breadcrumb","itemListElement":[{"@type":"ListItem","position":1,"name":"Strona g\u0142\u00f3wna","item":"https:\/\/www.myzakopane.pl\/"},{"@type":"ListItem","position":2,"name":"Ko\u015bcio\u0142y w Zakopanem"}]},{"@type":"WebSite","@id":"https:\/\/www.myzakopane.pl\/#website","url":"https:\/\/www.myzakopane.pl\/","name":"Zakopane atrakcje turystyczne \u2013 co warto zobaczy\u0107 w Zakopanem","description":"","potentialAction":[{"@type":"SearchAction","target":{"@type":"EntryPoint","urlTemplate":"https:\/\/www.myzakopane.pl\/?s={search_term_string}"},"query-input":{"@type":"PropertyValueSpecification","valueRequired":true,"valueName":"search_term_string"}}],"inLanguage":"pl-PL"}]}},"_links":{"self":[{"href":"https:\/\/www.myzakopane.pl\/index.php\/wp-json\/wp\/v2\/pages\/3179","targetHints":{"allow":["GET"]}}],"collection":[{"href":"https:\/\/www.myzakopane.pl\/index.php\/wp-json\/wp\/v2\/pages"}],"about":[{"href":"https:\/\/www.myzakopane.pl\/index.php\/wp-json\/wp\/v2\/types\/page"}],"author":[{"embeddable":true,"href":"https:\/\/www.myzakopane.pl\/index.php\/wp-json\/wp\/v2\/users\/1"}],"replies":[{"embeddable":true,"href":"https:\/\/www.myzakopane.pl\/index.php\/wp-json\/wp\/v2\/comments?post=3179"}],"version-history":[{"count":0,"href":"https:\/\/www.myzakopane.pl\/index.php\/wp-json\/wp\/v2\/pages\/3179\/revisions"}],"wp:attachment":[{"href":"https:\/\/www.myzakopane.pl\/index.php\/wp-json\/wp\/v2\/media?parent=3179"}],"curies":[{"name":"wp","href":"https:\/\/api.w.org\/{rel}","templated":true}]}}