{"id":3183,"date":"2016-06-13T21:39:19","date_gmt":"2016-06-13T19:39:19","guid":{"rendered":"http:\/\/www.myzakopane.pl\/?page_id=3183"},"modified":"2024-11-17T23:52:52","modified_gmt":"2024-11-17T22:52:52","slug":"termy-w-zakopanem-i-tatrach","status":"publish","type":"page","link":"https:\/\/www.myzakopane.pl\/index.php\/termy-w-zakopanem-i-tatrach\/","title":{"rendered":"Termy w Zakopanem i Tatrach"},"content":{"rendered":"<p><img loading=\"lazy\" decoding=\"async\" class=\"main-left alignnone\" src=\"https:\/\/www.myzakopane.pl\/wp-content\/images\/aquapark-zakopane-300x225.jpg\" alt=\"Termy w Zakopanem\" width=\"300\" height=\"225\" \/>Jedn\u0105 z atrakcji dla os\u00f3b odwiedzaj\u0105cych Zakopane czy okoliczne miejscowo\u015bci mo\u017ce by\u0107 wizyta w jednym z basen\u00f3w termalnych po\u0142o\u017conych na Podhalu. W\u0142a\u015bnie tutaj znajduj\u0105 si\u0119 najwi\u0119ksze pok\u0142ady \u017ar\u00f3de\u0142 geotermalnych w Polsce i te gor\u0105ce tatrza\u0144skie \u017ar\u00f3d\u0142a wykorzystywane s\u0105 w tutejszych Aquaparkach i k\u0105pieliskach. Wody geotermalne s\u0105 wysoko zmineralizowana i zawieraj\u0105 aktywne sk\u0142adniki maj\u0105ce \u0142agodz\u0105cy wp\u0142yw na sk\u00f3r\u0119 oraz dzia\u0142anie relaksacyjne.<\/p>\n<p>Osoby odwiedzaj\u0105ce Tatry mog\u0105 <strong>skorzysta\u0107 z basen\u00f3w termalnych po\u0142o\u017conych w Polsce jak i na S\u0142owacji<\/strong>. Poni\u017cej znajd\u0105 Pa\u0144stwo najpopularniejsze Aquaparki zlokalizowane w polskich tatrach oraz u naszych po\u0142udniowych s\u0105siad\u00f3w. Na pewno warto si\u0119 wybra\u0107, \u017ceby spr\u00f3bowa\u0107 a kiedy nie dopisuje pogoda b\u0119dzie to na pewno fajny pomys\u0142 na sp\u0119dzenie wolnego czasu.<\/p>\n<h3>Termy w Zakopanem<\/h3>\n<div id=\"attachment_837\" style=\"width: 310px\" class=\"wp-caption alignleft\"><a href=\"https:\/\/www.myzakopane.pl\/wp-content\/images\/zjezdzalnie-w-aquapark-zakopane.jpg\"><img loading=\"lazy\" decoding=\"async\" aria-describedby=\"caption-attachment-837\" class=\"size-full wp-image-837\" src=\"https:\/\/www.myzakopane.pl\/wp-content\/images\/zjezdzalnie-w-aquapark-zakopane-300x225.jpg\" alt=\"Zje\u017cd\u017calnie w Aquapark Zakopane\" width=\"300\" height=\"225\" \/><\/a><p id=\"caption-attachment-837\" class=\"wp-caption-text\">Zje\u017cd\u017calnie w Aquapark Zakopane (fot. www.aquapark.zakopane.pl)<\/p><\/div>\n<p>Jednym z popularniejszych basen\u00f3w termalnych w Tatrach jest otwarty w 2006 roku <a title=\"Aquapark w Zakopanem\" href=\"https:\/\/www.myzakopane.pl\/index.php\/aquapark-w-zakopanem\/\">Aquapark w Zakopanem<\/a>. Ten po\u0142o\u017cony w centrum Zakopanego kompleks jest w stanie przyj\u0105\u0107 jednocze\u015bnie oko\u0142o 1000 os\u00f3b. Wewn\u0105trz, dla go\u015bci udost\u0119pniono <strong>baseny, zje\u017cd\u017calnie, dzik\u0105 rzek\u0119, sauny suche oraz mokre, bicze wodne oraz solarium<\/strong>. Na zewn\u0119trznym tarasie znajduje si\u0119 basen z kt\u00f3rego mo\u017cna podziwia\u0107 wspania\u0142\u0105 panoram\u0119 Tatr. W miejscowym Fitness Club mo\u017cemy uczestniczy\u0107 w \u0107wiczeniach w wodzie takich jak aqua aerobik. Opr\u00f3cz tego dost\u0119pne s\u0105 aktywno\u015bci jak step, spinning czy r\u00f3\u017cnych odmianach aerobiku.<\/p>\n<p>Drugim obiektem jest k\u0105pielisko na Polanie Szymaszkowej w pobli\u017cu Hotelu Kasprowy. K\u0105pielisko Szymaszkowa ma powierzchni\u0119 5 tys. m2 i zosta\u0142o przewidziane na oko\u0142o 1000 os\u00f3b. Woda pochodzi z okolicznego odwiertu geotermalnego i ma temperatur\u0119 oko\u0142o 30 \u00b0C. W sk\u0142adzie w\u00f3d termalnych znajduj\u0105 si\u0119 liczne pierwiastki nadaj\u0105ce jej charakter leczniczy. Ten basen termalny jest te\u017c doskona\u0142ym miejscem, \u017ceby podziwia\u0107 rozci\u0105gaj\u0105c\u0105 si\u0119 wok\u00f3\u0142 panoram\u0119 Tatr.<\/p>\n<h3>Termy Bukowina<\/h3>\n<div id=\"attachment_1382\" style=\"width: 310px\" class=\"wp-caption alignleft\"><a href=\"https:\/\/www.myzakopane.pl\/wp-content\/images\/basen-termalny-bukowina.jpg\"><img loading=\"lazy\" decoding=\"async\" aria-describedby=\"caption-attachment-1382\" class=\"size-full wp-image-1382\" src=\"https:\/\/www.myzakopane.pl\/wp-content\/images\/basen-termalny-bukowina-300x225.jpg\" alt=\"Baseny Termalne Bukowina\" width=\"300\" height=\"225\" \/><\/a><p id=\"caption-attachment-1382\" class=\"wp-caption-text\">Baseny Termalne Bukowina (fot. www.bukowinatatrzanska.pl)<\/p><\/div>\n<p>W Bukowinie Tatrza\u0144skiej u podn\u00f3\u017ca Tatr (15 km od Zakopanego i 20 km od Nowego Targu) wybudowano kompleks sk\u0142adaj\u0105cy si\u0119 z basen\u00f3w, hotelu oraz centrum SPA &amp; Wellness. <a title=\"Termy Bukowina\" href=\"https:\/\/www.myzakopane.pl\/index.php\/termy-w-bukowinie-tatrzanskiej\/\">Termy Bukowina<\/a> to <strong>12 basen\u00f3w wype\u0142nionych wod\u0105 termaln\u0105 o temperaturze od 30 do 36 \u00b0C<\/strong> mog\u0105cych pomie\u015bci\u0107 jednocze\u015bnie 2,5 tysi\u0105ca os\u00f3b. Znajdziemy tam baseny zewn\u0119trzne, wewn\u0119trzne, rekreacyjne oraz p\u0142ywackie &#8211; dla najm\u0142odszych 4 baseny, zje\u017cd\u017calnie oraz rw\u0105c\u0105 rzek\u0119. W centrym SPA znajdziemy te\u017c 8 saun &#8211; fi\u0144ske, parowe oraz na podczerwie\u0144.<\/p>\n<p>Kompleks w Bukowinie to te\u017c centrum uzdrowiskowo &#8211; rehabilitacyjne, gdzie znajdziemy pomieszczenia do rehabilitacji oraz gabinety lekarskie. Mo\u017cna te\u017c sp\u0119dzi\u0107 aktywnie czas na zaj\u0119ciach aqua aerobiku czy odpocz\u0105\u0107 w lakonium &#8211; specjalne miejsce z podgrzewanymi \u0142\u00f3\u017ckami o temperaturze 50 \u00b0C, dla os\u00f3b, kt\u00f3re \u017ale znosz\u0105 sauny. W ca\u0142ym o\u015brodku nie brakuje te\u017c restauracji czy bar\u00f3w, gdzie mo\u017cna co\u015b zje\u015b\u0107, napi\u0107 si\u0119 i odpocz\u0105\u0107.<\/p>\n<h3>Termy w Bia\u0142ce<\/h3>\n<div id=\"attachment_2229\" style=\"width: 310px\" class=\"wp-caption alignleft\"><a href=\"https:\/\/www.myzakopane.pl\/wp-content\/images\/termy-bialka-tatrzanska-300x225.jpg\"><img loading=\"lazy\" decoding=\"async\" aria-describedby=\"caption-attachment-2229\" class=\"size-full wp-image-2229\" src=\"https:\/\/www.myzakopane.pl\/wp-content\/images\/termy-bialka-tatrzanska-300x225.jpg\" alt=\"Termy Bia\u0142ka Tatrza\u0144ska\" width=\"300\" height=\"225\" srcset=\"https:\/\/www.myzakopane.pl\/wp-content\/images\/termy-bialka-tatrzanska-300x225.jpg 300w, https:\/\/www.myzakopane.pl\/wp-content\/images\/termy-bialka-tatrzanska-300x225-150x112.jpg 150w\" sizes=\"auto, (max-width: 300px) 100vw, 300px\" \/><\/a><p id=\"caption-attachment-2229\" class=\"wp-caption-text\">Termy Bia\u0142ka Tatrza\u0144ska (fot. wikipedia.org)<\/p><\/div>\n<p>Baseny termalne w Bia\u0142ce to spory kompleks oferuj\u0105cy mo\u017cliwo\u015b\u0107 relaksu w wodach termalnych posiada <strong>baseny zewn\u0119trzne o powierzchni oko\u0142o 550 m\u00b2 i wewn\u0119trzne 820 m\u00b2<\/strong>, do kt\u00f3rych woda pozyskiwana jest z g\u0142\u0119boko\u015bci 2,5 tys m o temperaturze 72 \u00b0C. Ca\u0142o\u015b\u0107 podzielona jest na kilka stref &#8211; strefa g\u0142o\u015bna, cicha, sauny i spa, strefa VIP oraz sklep i gastronomia. W sumie <a title=\"termy w Bia\u0142ce\" href=\"https:\/\/www.myzakopane.pl\/index.php\/termy-bania-baseny-termalne-w-bialce-tatrzanskiej\/\">termy w Bia\u0142ce<\/a> to 5 basen\u00f3w z r\u00f3\u017cnego rodzaju atrakcjami (zje\u017cd\u017calnie, wave-ball, karuzel\u0119 itp.) &#8211; przygotowano te\u017c basen dla m\u0142odszych dzieci do lat 5-ciu. W saunach do dyspozycji mamy saun\u0119 parow\u0105, suche, kabin\u0119 z generatorem pary oraz basen ch\u0142odz\u0105cy z wodospadem.<\/p>\n<h3>Termy w Szaflarach<\/h3>\n<p>W Szaflarach znajdziemy baseny z wod\u0105 termaln\u0105 o \u0142\u0105cznej powierzchni 970 m\u00b2 o temperaturze od 30 \u00b0C do 38 \u00b0C. <a title=\"Termy Szaflary\" href=\"https:\/\/www.myzakopane.pl\/index.php\/termy-w-szaflarach\/\">Termy Szaflary<\/a> to \u0142\u0105cznie cztery baseny (dwa wewn\u0119trzne i dwa zewn\u0119trzne), wyposa\u017cone w urz\u0105dzenia do hydromasa\u017cu. Do dyspozycji mamy te\u017c r\u00f3\u017cnego rodzaju sauny, fitness oraz zabiegi specjalistyczne typu SPA. W obiekcie znajdziemy te\u017c dwie restauracje oraz mo\u017cliwo\u015b\u0107 wynajmu apartamentu czy sali konferencyjnej na spotkanie biznesowe.<\/p>\n<h3>Baseny termalne na S\u0142owacji<\/h3>\n<div id=\"attachment_1389\" style=\"width: 310px\" class=\"wp-caption alignleft\"><a href=\"https:\/\/www.myzakopane.pl\/wp-content\/images\/meaner-park.jpg\"><img loading=\"lazy\" decoding=\"async\" aria-describedby=\"caption-attachment-1389\" class=\"size-full wp-image-1389\" src=\"https:\/\/www.myzakopane.pl\/wp-content\/images\/meaner-park-300x225.jpg\" alt=\"Meaner Park\" width=\"300\" height=\"225\" \/><\/a><p id=\"caption-attachment-1389\" class=\"wp-caption-text\">Meaner Park (fot. www.meanderpark.com)<\/p><\/div>\n<p>Z dobrodziejstw pok\u0142ad\u00f3w tatrza\u0144skich w\u00f3d geotermalnych korzystaj\u0105 r\u00f3wnie\u017c S\u0142owacy. W Tatrach Zachodnich, we wsi Oravice powsta\u0142 nowoczesny <strong>park wodny Meander<\/strong>. O\u015brodek po\u0142o\u017cony jest niedaleko Doliny Chocho\u0142owskiej. Obiekt posiada kompleks basen\u00f3w wewn\u0119trznych i zewn\u0119trznych z widokiem na tatrza\u0144skie szczyty. Woda w basenach ma temperatur\u0119 36 i 38\u00b0C i posiada w\u0142a\u015bciwo\u015bci lecznicze w zakresie chor\u00f3b reumatycznych i uk\u0142adu moczowego. Dzi\u0119ki stosunkowo du\u017cej zawarto\u015bci litu wada ta wp\u0142ywa korzystnie na psychik\u0119 i stres.<\/p>\n<div id=\"attachment_1393\" style=\"width: 310px\" class=\"wp-caption alignright\"><a href=\"https:\/\/www.myzakopane.pl\/wp-content\/images\/aquacity-poprad-300x225.jpg\"><img loading=\"lazy\" decoding=\"async\" aria-describedby=\"caption-attachment-1393\" class=\"size-full wp-image-1393\" src=\"https:\/\/www.myzakopane.pl\/wp-content\/images\/aquacity-poprad-300x225.jpg\" alt=\"Aquacity Poprad\" width=\"300\" height=\"225\" \/><\/a><p id=\"caption-attachment-1393\" class=\"wp-caption-text\">Aquacity Poprad (fot. www.hotel-mountain-view-aquacity.com)<\/p><\/div>\n<p>Jednym z najpopularniejszych tego typu obiekt\u00f3w na S\u0142owacji jest <strong>Aquapark Poprad<\/strong>. Miasto po\u0142o\u017cone jest u podn\u00f3\u017ca Tatr Wysokich i zachwyca pi\u0119knem otaczaj\u0105cego krajobrazu. Kompleks posiada kryte i odkryte baseny, zje\u017cd\u017calnie, grzybki wodne, bicze wodne, szereg saun, jacuzzi, tepidarium, jaskini\u0119 lodow\u0105 i nowoczesny fitness klub. Opr\u00f3cz tego restauracje, bary, masa\u017ce i liczne atrakcje dla dzieci. W sk\u0142ad o\u015brodka wchodz\u0105 dodatkowo szko\u0142a jazdy konnej oraz pole golfowe. Podobne tego typu o\u015brodki po s\u0142owackiej stronie granicy znajduj\u0105 si\u0119 w miejscowo\u015bci Gaszeniowa.<\/p>\n<p><strong>Thermal Park Baszeniowa<\/strong> to kompleks basen\u00f3w z wod\u0105 termaln\u0105 o temperaturze dochodz\u0105cej do 40 stopni, o w\u0142a\u015bciwo\u015bciach leczniczych dla os\u00f3b cierpi\u0105cych na astm\u0119, choroby uk\u0142adu oddechowego i narz\u0105d\u00f3w ruchu. Po s\u0142owackiej stronie Tatr podobne obiekty z k\u0105pieliskami termalnymi to: <strong>Aquapark Tartalandia, Salmo Therm Vrbov, Kupele Vy\u017cne Rubachy<\/strong>. Wszystkie te o\u015brodki wykorzystuj\u0105 pok\u0142ady tatrza\u0144skich w\u00f3d termalnych i oferuj\u0105 turystom wypoczynek i relaks o wysokim standardzie.<\/p>\n<p>Po polskiej i s\u0142owackiej stronie Tatr powsta\u0142y liczne o\u015brodki wypoczynkowe z kompleksami basen\u00f3w oferuj\u0105cych ogrzewan\u0105 geotermalnie wod\u0119 o wysokich w\u0142a\u015bciwo\u015bciach leczniczych. W wodnych Aquaparkach korzysta\u0107 mo\u017cna z wielu atrakcji przeznaczonych zar\u00f3wno dla dzieci jak i dla doros\u0142ych. Obiekty tego typu to doskona\u0142a alternatywa dla g\u00f3rskich pieszych wycieczek, oraz mo\u017cliwo\u015b\u0107 ciekawego sp\u0119dzenia czasu podczas dni deszczowych.<\/p>\n<div class=\"post-nav\">\n<h5><a class=\"post-nav-newer\" title=\"Aktywny wypoczynek\" href=\"https:\/\/www.myzakopane.pl\/index.php\/aktywny-wypoczynek\/\">Aktywny wypoczynek<\/a><\/h5>\n<h5><a class=\"post-nav-older\" title=\"Ko\u015bcio\u0142y w Zakopanem\" href=\"https:\/\/www.myzakopane.pl\/index.php\/koscioly-w-zakopanem\/\">Ko\u015bcio\u0142y w Zakopanem<\/a><\/h5>\n<div class=\"clear\"><\/div>\n<\/div>\n","protected":false},"excerpt":{"rendered":"<p>Jedn\u0105 z atrakcji dla os\u00f3b odwiedzaj\u0105cych Zakopane czy okoliczne miejscowo\u015bci mo\u017ce by\u0107 wizyta w jednym z basen\u00f3w termalnych po\u0142o\u017conych na Podhalu. W\u0142a\u015bnie tutaj znajduj\u0105 si\u0119 najwi\u0119ksze pok\u0142ady \u017ar\u00f3de\u0142 geotermalnych w Polsce i te gor\u0105ce tatrza\u0144skie \u017ar\u00f3d\u0142a wykorzystywane s\u0105 w tutejszych Aquaparkach i k\u0105pieliskach. Wody geotermalne s\u0105 wysoko zmineralizowana i zawieraj\u0105 aktywne sk\u0142adniki maj\u0105ce \u0142agodz\u0105cy wp\u0142yw [&hellip;]<\/p>\n","protected":false},"author":1,"featured_media":0,"parent":0,"menu_order":0,"comment_status":"closed","ping_status":"closed","template":"","meta":{"footnotes":""},"class_list":["post-3183","page","type-page","status-publish","hentry"],"yoast_head":"<!-- This site is optimized with the Yoast SEO plugin v26.2 - https:\/\/yoast.com\/wordpress\/plugins\/seo\/ -->\n<title>Termy Zakopane - baseny termalne w Tatrach Polskich i S\u0142owackich<\/title>\n<meta name=\"description\" content=\"Przedstawiamy najpopularniejsze termy w Zakopanem i jego okolicach oraz na S\u0142owacji. Wszystkie wykorzystuj\u0105 gor\u0105ce \u017ar\u00f3d\u0142a termalne.\" \/>\n<meta name=\"robots\" content=\"index, follow, max-snippet:-1, max-image-preview:large, max-video-preview:-1\" \/>\n<link rel=\"canonical\" href=\"https:\/\/www.myzakopane.pl\/index.php\/termy-w-zakopanem-i-tatrach\/\" \/>\n<meta name=\"twitter:label1\" content=\"Szacowany czas czytania\" \/>\n\t<meta name=\"twitter:data1\" content=\"7 minut\" \/>\n<script type=\"application\/ld+json\" class=\"yoast-schema-graph\">{\"@context\":\"https:\/\/schema.org\",\"@graph\":[{\"@type\":\"WebPage\",\"@id\":\"https:\/\/www.myzakopane.pl\/index.php\/termy-w-zakopanem-i-tatrach\/\",\"url\":\"https:\/\/www.myzakopane.pl\/index.php\/termy-w-zakopanem-i-tatrach\/\",\"name\":\"Termy Zakopane - baseny termalne w Tatrach Polskich i S\u0142owackich\",\"isPartOf\":{\"@id\":\"https:\/\/www.myzakopane.pl\/#website\"},\"primaryImageOfPage\":{\"@id\":\"https:\/\/www.myzakopane.pl\/index.php\/termy-w-zakopanem-i-tatrach\/#primaryimage\"},\"image\":{\"@id\":\"https:\/\/www.myzakopane.pl\/index.php\/termy-w-zakopanem-i-tatrach\/#primaryimage\"},\"thumbnailUrl\":\"http:\/\/www.myzakopane.pl\/wp-content\/images\/aquapark-zakopane-300x225.jpg\",\"datePublished\":\"2016-06-13T19:39:19+00:00\",\"dateModified\":\"2024-11-17T22:52:52+00:00\",\"description\":\"Przedstawiamy najpopularniejsze termy w Zakopanem i jego okolicach oraz na S\u0142owacji. Wszystkie wykorzystuj\u0105 gor\u0105ce \u017ar\u00f3d\u0142a termalne.\",\"breadcrumb\":{\"@id\":\"https:\/\/www.myzakopane.pl\/index.php\/termy-w-zakopanem-i-tatrach\/#breadcrumb\"},\"inLanguage\":\"pl-PL\",\"potentialAction\":[{\"@type\":\"ReadAction\",\"target\":[\"https:\/\/www.myzakopane.pl\/index.php\/termy-w-zakopanem-i-tatrach\/\"]}]},{\"@type\":\"ImageObject\",\"inLanguage\":\"pl-PL\",\"@id\":\"https:\/\/www.myzakopane.pl\/index.php\/termy-w-zakopanem-i-tatrach\/#primaryimage\",\"url\":\"http:\/\/www.myzakopane.pl\/wp-content\/images\/aquapark-zakopane-300x225.jpg\",\"contentUrl\":\"http:\/\/www.myzakopane.pl\/wp-content\/images\/aquapark-zakopane-300x225.jpg\"},{\"@type\":\"BreadcrumbList\",\"@id\":\"https:\/\/www.myzakopane.pl\/index.php\/termy-w-zakopanem-i-tatrach\/#breadcrumb\",\"itemListElement\":[{\"@type\":\"ListItem\",\"position\":1,\"name\":\"Strona g\u0142\u00f3wna\",\"item\":\"https:\/\/www.myzakopane.pl\/\"},{\"@type\":\"ListItem\",\"position\":2,\"name\":\"Termy w Zakopanem i Tatrach\"}]},{\"@type\":\"WebSite\",\"@id\":\"https:\/\/www.myzakopane.pl\/#website\",\"url\":\"https:\/\/www.myzakopane.pl\/\",\"name\":\"Zakopane atrakcje turystyczne \u2013 co warto zobaczy\u0107 w Zakopanem\",\"description\":\"\",\"potentialAction\":[{\"@type\":\"SearchAction\",\"target\":{\"@type\":\"EntryPoint\",\"urlTemplate\":\"https:\/\/www.myzakopane.pl\/?s={search_term_string}\"},\"query-input\":{\"@type\":\"PropertyValueSpecification\",\"valueRequired\":true,\"valueName\":\"search_term_string\"}}],\"inLanguage\":\"pl-PL\"}]}<\/script>\n<!-- \/ Yoast SEO plugin. -->","yoast_head_json":{"title":"Termy Zakopane - baseny termalne w Tatrach Polskich i S\u0142owackich","description":"Przedstawiamy najpopularniejsze termy w Zakopanem i jego okolicach oraz na S\u0142owacji. Wszystkie wykorzystuj\u0105 gor\u0105ce \u017ar\u00f3d\u0142a termalne.","robots":{"index":"index","follow":"follow","max-snippet":"max-snippet:-1","max-image-preview":"max-image-preview:large","max-video-preview":"max-video-preview:-1"},"canonical":"https:\/\/www.myzakopane.pl\/index.php\/termy-w-zakopanem-i-tatrach\/","twitter_misc":{"Szacowany czas czytania":"7 minut"},"schema":{"@context":"https:\/\/schema.org","@graph":[{"@type":"WebPage","@id":"https:\/\/www.myzakopane.pl\/index.php\/termy-w-zakopanem-i-tatrach\/","url":"https:\/\/www.myzakopane.pl\/index.php\/termy-w-zakopanem-i-tatrach\/","name":"Termy Zakopane - baseny termalne w Tatrach Polskich i S\u0142owackich","isPartOf":{"@id":"https:\/\/www.myzakopane.pl\/#website"},"primaryImageOfPage":{"@id":"https:\/\/www.myzakopane.pl\/index.php\/termy-w-zakopanem-i-tatrach\/#primaryimage"},"image":{"@id":"https:\/\/www.myzakopane.pl\/index.php\/termy-w-zakopanem-i-tatrach\/#primaryimage"},"thumbnailUrl":"http:\/\/www.myzakopane.pl\/wp-content\/images\/aquapark-zakopane-300x225.jpg","datePublished":"2016-06-13T19:39:19+00:00","dateModified":"2024-11-17T22:52:52+00:00","description":"Przedstawiamy najpopularniejsze termy w Zakopanem i jego okolicach oraz na S\u0142owacji. Wszystkie wykorzystuj\u0105 gor\u0105ce \u017ar\u00f3d\u0142a termalne.","breadcrumb":{"@id":"https:\/\/www.myzakopane.pl\/index.php\/termy-w-zakopanem-i-tatrach\/#breadcrumb"},"inLanguage":"pl-PL","potentialAction":[{"@type":"ReadAction","target":["https:\/\/www.myzakopane.pl\/index.php\/termy-w-zakopanem-i-tatrach\/"]}]},{"@type":"ImageObject","inLanguage":"pl-PL","@id":"https:\/\/www.myzakopane.pl\/index.php\/termy-w-zakopanem-i-tatrach\/#primaryimage","url":"http:\/\/www.myzakopane.pl\/wp-content\/images\/aquapark-zakopane-300x225.jpg","contentUrl":"http:\/\/www.myzakopane.pl\/wp-content\/images\/aquapark-zakopane-300x225.jpg"},{"@type":"BreadcrumbList","@id":"https:\/\/www.myzakopane.pl\/index.php\/termy-w-zakopanem-i-tatrach\/#breadcrumb","itemListElement":[{"@type":"ListItem","position":1,"name":"Strona g\u0142\u00f3wna","item":"https:\/\/www.myzakopane.pl\/"},{"@type":"ListItem","position":2,"name":"Termy w Zakopanem i Tatrach"}]},{"@type":"WebSite","@id":"https:\/\/www.myzakopane.pl\/#website","url":"https:\/\/www.myzakopane.pl\/","name":"Zakopane atrakcje turystyczne \u2013 co warto zobaczy\u0107 w Zakopanem","description":"","potentialAction":[{"@type":"SearchAction","target":{"@type":"EntryPoint","urlTemplate":"https:\/\/www.myzakopane.pl\/?s={search_term_string}"},"query-input":{"@type":"PropertyValueSpecification","valueRequired":true,"valueName":"search_term_string"}}],"inLanguage":"pl-PL"}]}},"_links":{"self":[{"href":"https:\/\/www.myzakopane.pl\/index.php\/wp-json\/wp\/v2\/pages\/3183","targetHints":{"allow":["GET"]}}],"collection":[{"href":"https:\/\/www.myzakopane.pl\/index.php\/wp-json\/wp\/v2\/pages"}],"about":[{"href":"https:\/\/www.myzakopane.pl\/index.php\/wp-json\/wp\/v2\/types\/page"}],"author":[{"embeddable":true,"href":"https:\/\/www.myzakopane.pl\/index.php\/wp-json\/wp\/v2\/users\/1"}],"replies":[{"embeddable":true,"href":"https:\/\/www.myzakopane.pl\/index.php\/wp-json\/wp\/v2\/comments?post=3183"}],"version-history":[{"count":0,"href":"https:\/\/www.myzakopane.pl\/index.php\/wp-json\/wp\/v2\/pages\/3183\/revisions"}],"wp:attachment":[{"href":"https:\/\/www.myzakopane.pl\/index.php\/wp-json\/wp\/v2\/media?parent=3183"}],"curies":[{"name":"wp","href":"https:\/\/api.w.org\/{rel}","templated":true}]}}