{"id":3187,"date":"2016-06-13T21:54:36","date_gmt":"2016-06-13T19:54:36","guid":{"rendered":"http:\/\/www.myzakopane.pl\/?page_id=3187"},"modified":"2024-11-17T23:49:31","modified_gmt":"2024-11-17T22:49:31","slug":"aktywny-wypoczynek","status":"publish","type":"page","link":"https:\/\/www.myzakopane.pl\/index.php\/aktywny-wypoczynek\/","title":{"rendered":"Aktywny wypoczynek"},"content":{"rendered":"<p>Najlepsz\u0105 form\u0105 aktywno\u015bci jak\u0105 mo\u017cna sobie wybra\u0107 odwiedzaj\u0105c Zakopane to na pewno wycieczka w Tatry. W\u0119dr\u00f3wka szlakami g\u00f3rskimi czy spacer jedn\u0105 z dolin to \u015bwietna forma sp\u0119dzenia wolnego czasu i na pewno dostarczy du\u017cej ilo\u015bci wra\u017ce\u0144. Jednak nie wszyscy chc\u0105 czy mog\u0105 sp\u0119dza\u0107 ca\u0142e dnie na szlakach. Dla tych z Pa\u0144stwa wybrali\u015bmy kilka propozycji, kt\u00f3re r\u00f3wnie\u017c b\u0119d\u0105 form\u0105 aktywnego wypoczynku i pozwol\u0105 zobaczy\u0107 ciekawe miejsca czy mi\u0142o sp\u0119dzi\u0107 czas.<\/p>\n<h3>Spacery po mie\u015bcie<\/h3>\n<p>Nawet je\u017celi nie za bardzo lubimy t\u0142umy, nachalnych sprzedawc\u00f3w czy w\u0105tpliwy folklor to i tak pewnie trafimy <a href=\"https:\/\/www.myzakopane.pl\/index.php\/ulica-krupowki\/\">na Krup\u00f3wki<\/a>. Ci\u0119\u017cko t\u0105 ulic\u0119 omin\u0105\u0107, bo znajduj\u0119 si\u0119 na przeci\u0119ciu wielu wa\u017cnych tras w Zakopanem. Z Krup\u00f3wek mo\u017cna wybra\u0107 si\u0119 na <a href=\"https:\/\/www.myzakopane.pl\/index.php\/spacer-krupowki-kuznice\/\">spacer do Ku\u017anic<\/a> sk\u0105d rusza kolejka na Kasprowy Wierch.<\/p>\n<div id=\"attachment_849\" style=\"width: 310px\" class=\"wp-caption alignleft\"><a href=\"https:\/\/www.myzakopane.pl\/wp-content\/images\/sanktuarium-matki-bozej-fatimskiej.jpg\"><img loading=\"lazy\" decoding=\"async\" aria-describedby=\"caption-attachment-849\" class=\"wp-image-849 size-full\" title=\"Sanktuarium Matki Bo\u017cej Fatimskiej\" src=\"https:\/\/www.myzakopane.pl\/wp-content\/images\/sanktuarium-matki-bozej-fatimskiej-300x225.jpg\" alt=\"Sanktuarium Matki Bo\u017cej Fatimskiej\" width=\"300\" height=\"225\" \/><\/a><p id=\"caption-attachment-849\" class=\"wp-caption-text\">Sanktuarium na Krzept\u00f3wkach (fot. Jozef Kotuli\u010d)<\/p><\/div>\n<p>Warto te\u017c wybra\u0107 si\u0119 <a href=\"https:\/\/www.myzakopane.pl\/index.php\/spacer-koscieliska-krzeptowki\/\">ulic\u0105 Ko\u015bcielisk\u0105 w kierunku Krzept\u00f3wek<\/a>. Ciszy co prawda tu nie znajdziemy bo to jedne z ruchliwszych ulic w mie\u015bcie. Jest to jednak jedna z najstarszych ulic Zakopanego i mie\u015bci si\u0119 tutaj wiele zabytkowych chat z XIX i pocz\u0105tk\u00f3w XX wieku. Natomiast na Krzept\u00f3wkach mie\u015bci si\u0119 popularne w\u015br\u00f3d turyst\u00f3w <a href=\"https:\/\/www.myzakopane.pl\/index.php\/sanktuarium-na-krzeptowkach\/\">Sanktuarium Matki Bo\u017cej Fatimskiej<\/a>.<\/p>\n<p>Szukaj\u0105c spokojniejszych miejsc mo\u017cna wybra\u0107 si\u0119 na spacer z ulicy Jagielo\u0144skiej do Blazera. W tym rejonie mo\u017cna obejrze\u0107 <a href=\"https:\/\/www.myzakopane.pl\/index.php\/kaplica-na-jaszczurowce\/\">Kaplic\u0119 na Jaszur\u00f3wce<\/a>. To zabytkowy, drewniany ko\u015bci\u00f3\u0142 w stylu zakopia\u0144skim wybudowany w 1906 roku. Autorem projektu by\u0142 Stanis\u0142aw Witkiewicz.<\/p>\n<p>Innym pomys\u0142em mo\u017ce by\u0107 spacer ulic\u0105 Kasprusie do Pi\u0142sudskiego, kt\u00f3r\u0105 dojdziemy po skoczni\u0119 narciarsk\u0105 <a href=\"https:\/\/www.myzakopane.pl\/index.php\/wielka-krokiew\/\">na Wielkiej Krokwi<\/a>. Obiekt na pewno jest znany wszystkim kibicom skok\u00f3w narciarskich, tutaj odbywaj\u0105 si\u0119 zawody pucharu \u015bwiata.<\/p>\n<h3>Wycieczki jednodniowe<\/h3>\n<p>Na pewno jednym z ciekawszych pomys\u0142\u00f3w na sp\u0119dzenie czasu b\u0119d\u0105c w Zakopanem jest wybranie si\u0119 do przystani w Sromowcach &#8211; K\u0105tach. Z tego miejsca rusza <a href=\"https:\/\/www.myzakopane.pl\/index.php\/splyw-przelomem-dunajca\/\">sp\u0142yw Dunajcem<\/a> po okolicach Pieni\u0144skiego Parku narodowego. W zale\u017cno\u015bci od wybranej opcji mo\u017cna sp\u0142yn\u0105\u0107 do Szczawnicy (18 km &#8211; 2:15 h) lub do Kro\u015bcienka (23 km &#8211; 2:45 h). Sp\u0142ywy rozpoczynaj\u0105 si\u0119 w kwietniu i ko\u0144cz\u0105 w pa\u017adzierniku. Koszt sp\u0142ywu to 45 z\u0142 i 22,5 z\u0142 trasa kr\u00f3tsza i 55 z\u0142 i 27,5 z\u0142 trasa d\u0142u\u017csza (stan na kwiecie\u0144 2015).<\/p>\n<p>Zalew Czorszty\u0144ski w Pieninach to te\u017c dobry kierunek dla os\u00f3b, kt\u00f3re chc\u0105 zwiedzi\u0107 <a href=\"https:\/\/www.myzakopane.pl\/index.php\/zamek-w-niedzicy\/\">zamek w Niedzicy<\/a>. To \u015bredniowieczna warownia z pocz\u0105tk\u00f3w XIV wieku. Po przeciwnej stronie Dunajca znajduj\u0105 si\u0119 <a href=\"https:\/\/www.myzakopane.pl\/index.php\/ruiny-zamku-w-czorsztynie\/\">ruiny zamku w Czorsztynie<\/a>. Obydwie twierdze broni\u0142y strategicznych szlak\u00f3w handlowych prowadz\u0105cych wzd\u0142u\u017c Dunajca.<\/p>\n<p>Okolice Zakopanego to te\u017c doskona\u0142e miejsce na wszelkiego rodzaju wycieczki rowerowe. Do\u015b\u0107 powiedzie\u0107, \u017ce w okolicach Bukowiny odbywa si\u0119 etap Tour de Pologne i to etap g\u00f3rski. Oczywi\u015bcie nie wszyscy s\u0105 mi\u0142o\u015bnikami g\u00f3rskich wspinaczek na rowerze i dla takich os\u00f3b znajd\u0105 si\u0119 te\u017c <a href=\"https:\/\/www.myzakopane.pl\/index.php\/trasy-rowerowe-w-zakopanem\/\">trasy rowerowe<\/a> o bardziej rekreacyjnym charakterze. Jednak nie oszukujmy si\u0119 w rejonach g\u00f3rskich zawsze b\u0119dzie pod g\u00f3r\u0119 i w d\u00f3\u0142.<\/p>\n<h3>Rekreacja i zdrowie<\/h3>\n<p>Po wszelkich aktywno\u015bciach zwi\u0105zanych ze spacerami, w\u0119dr\u00f3wkami czy wycieczkami warto si\u0119 zrelaksowa\u0107. W wielu miejscowo\u015bciach wybudowano <a href=\"https:\/\/www.myzakopane.pl\/index.php\/termy-w-zakopanem-i-tatrach\/\">baseny termalne<\/a>, gdzie mo\u017cna wypocz\u0105\u0107 korzystaj\u0105c z gor\u0105cych \u017ar\u00f3de\u0142, spa, masa\u017cy czy innych zabieg\u00f3w relaksacyjnych. Na chwil\u0119 obecn\u0105 na Podhalu znajduj\u0105 si\u0119 cztery kompleksy basen\u00f3w i w planach jest budowa dalszych &#8211; na pewno znajdziemy co\u015b dla siebie.<\/p>\n<p>Dla tych, kt\u00f3re same g\u00f3ry nie wystarczaj\u0105 mo\u017cna zaproponowa\u0107 <a href=\"https:\/\/www.myzakopane.pl\/index.php\/rekracja\/\">inne formy rekreacji<\/a>. Warto by wymieni\u0107 jazd\u0119 konn\u0105, jazd\u0119 na quadach czy zim\u0105 na skuterach.<\/p>\n<div class=\"post-nav\">\n<h5><a class=\"post-nav-newer\" title=\"Podhale\" href=\"https:\/\/www.myzakopane.pl\/index.php\/na-podhalu\/\">Podhale<\/a><\/h5>\n<h5><a class=\"post-nav-older\" title=\"Termy w Zakopanem\" href=\"https:\/\/www.myzakopane.pl\/index.php\/termy-w-zakopanem-i-tatrach\/\">Termy w Zakopanem<\/a><\/h5>\n<div class=\"clear\"><\/div>\n<\/div>\n","protected":false},"excerpt":{"rendered":"<p>Najlepsz\u0105 form\u0105 aktywno\u015bci jak\u0105 mo\u017cna sobie wybra\u0107 odwiedzaj\u0105c Zakopane to na pewno wycieczka w Tatry. W\u0119dr\u00f3wka szlakami g\u00f3rskimi czy spacer jedn\u0105 z dolin to \u015bwietna forma sp\u0119dzenia wolnego czasu i na pewno dostarczy du\u017cej ilo\u015bci wra\u017ce\u0144. Jednak nie wszyscy chc\u0105 czy mog\u0105 sp\u0119dza\u0107 ca\u0142e dnie na szlakach. Dla tych z Pa\u0144stwa wybrali\u015bmy kilka propozycji, kt\u00f3re [&hellip;]<\/p>\n","protected":false},"author":1,"featured_media":0,"parent":0,"menu_order":0,"comment_status":"closed","ping_status":"closed","template":"","meta":{"footnotes":""},"class_list":["post-3187","page","type-page","status-publish","hentry"],"yoast_head":"<!-- This site is optimized with the Yoast SEO plugin v26.2 - https:\/\/yoast.com\/wordpress\/plugins\/seo\/ -->\n<title>Gdzie mo\u017cna aktywnie wypocz\u0105\u0107 w Zakopanem i okolicach<\/title>\n<meta name=\"description\" content=\"Aktywny wypoczynek to nie tylko w\u0119dr\u00f3wki po Tatrach. W Zakopanem mo\u017cna sp\u0119dzi\u0107 aktywnie czas na spacerach po mie\u015bcie lub wybra\u0107 si\u0119 na jednodniow\u0105 wycieczk\u0119\" \/>\n<meta name=\"robots\" content=\"index, follow, max-snippet:-1, max-image-preview:large, max-video-preview:-1\" \/>\n<link rel=\"canonical\" href=\"https:\/\/www.myzakopane.pl\/index.php\/aktywny-wypoczynek\/\" \/>\n<meta name=\"twitter:label1\" content=\"Szacowany czas czytania\" \/>\n\t<meta name=\"twitter:data1\" content=\"4 minuty\" \/>\n<script type=\"application\/ld+json\" class=\"yoast-schema-graph\">{\"@context\":\"https:\/\/schema.org\",\"@graph\":[{\"@type\":\"WebPage\",\"@id\":\"https:\/\/www.myzakopane.pl\/index.php\/aktywny-wypoczynek\/\",\"url\":\"https:\/\/www.myzakopane.pl\/index.php\/aktywny-wypoczynek\/\",\"name\":\"Gdzie mo\u017cna aktywnie wypocz\u0105\u0107 w Zakopanem i okolicach\",\"isPartOf\":{\"@id\":\"https:\/\/www.myzakopane.pl\/#website\"},\"primaryImageOfPage\":{\"@id\":\"https:\/\/www.myzakopane.pl\/index.php\/aktywny-wypoczynek\/#primaryimage\"},\"image\":{\"@id\":\"https:\/\/www.myzakopane.pl\/index.php\/aktywny-wypoczynek\/#primaryimage\"},\"thumbnailUrl\":\"http:\/\/www.myzakopane.pl\/wp-content\/images\/sanktuarium-matki-bozej-fatimskiej-300x225.jpg\",\"datePublished\":\"2016-06-13T19:54:36+00:00\",\"dateModified\":\"2024-11-17T22:49:31+00:00\",\"description\":\"Aktywny wypoczynek to nie tylko w\u0119dr\u00f3wki po Tatrach. W Zakopanem mo\u017cna sp\u0119dzi\u0107 aktywnie czas na spacerach po mie\u015bcie lub wybra\u0107 si\u0119 na jednodniow\u0105 wycieczk\u0119\",\"breadcrumb\":{\"@id\":\"https:\/\/www.myzakopane.pl\/index.php\/aktywny-wypoczynek\/#breadcrumb\"},\"inLanguage\":\"pl-PL\",\"potentialAction\":[{\"@type\":\"ReadAction\",\"target\":[\"https:\/\/www.myzakopane.pl\/index.php\/aktywny-wypoczynek\/\"]}]},{\"@type\":\"ImageObject\",\"inLanguage\":\"pl-PL\",\"@id\":\"https:\/\/www.myzakopane.pl\/index.php\/aktywny-wypoczynek\/#primaryimage\",\"url\":\"http:\/\/www.myzakopane.pl\/wp-content\/images\/sanktuarium-matki-bozej-fatimskiej-300x225.jpg\",\"contentUrl\":\"http:\/\/www.myzakopane.pl\/wp-content\/images\/sanktuarium-matki-bozej-fatimskiej-300x225.jpg\"},{\"@type\":\"BreadcrumbList\",\"@id\":\"https:\/\/www.myzakopane.pl\/index.php\/aktywny-wypoczynek\/#breadcrumb\",\"itemListElement\":[{\"@type\":\"ListItem\",\"position\":1,\"name\":\"Strona g\u0142\u00f3wna\",\"item\":\"https:\/\/www.myzakopane.pl\/\"},{\"@type\":\"ListItem\",\"position\":2,\"name\":\"Aktywny wypoczynek\"}]},{\"@type\":\"WebSite\",\"@id\":\"https:\/\/www.myzakopane.pl\/#website\",\"url\":\"https:\/\/www.myzakopane.pl\/\",\"name\":\"Zakopane atrakcje turystyczne \u2013 co warto zobaczy\u0107 w Zakopanem\",\"description\":\"\",\"potentialAction\":[{\"@type\":\"SearchAction\",\"target\":{\"@type\":\"EntryPoint\",\"urlTemplate\":\"https:\/\/www.myzakopane.pl\/?s={search_term_string}\"},\"query-input\":{\"@type\":\"PropertyValueSpecification\",\"valueRequired\":true,\"valueName\":\"search_term_string\"}}],\"inLanguage\":\"pl-PL\"}]}<\/script>\n<!-- \/ Yoast SEO plugin. -->","yoast_head_json":{"title":"Gdzie mo\u017cna aktywnie wypocz\u0105\u0107 w Zakopanem i okolicach","description":"Aktywny wypoczynek to nie tylko w\u0119dr\u00f3wki po Tatrach. W Zakopanem mo\u017cna sp\u0119dzi\u0107 aktywnie czas na spacerach po mie\u015bcie lub wybra\u0107 si\u0119 na jednodniow\u0105 wycieczk\u0119","robots":{"index":"index","follow":"follow","max-snippet":"max-snippet:-1","max-image-preview":"max-image-preview:large","max-video-preview":"max-video-preview:-1"},"canonical":"https:\/\/www.myzakopane.pl\/index.php\/aktywny-wypoczynek\/","twitter_misc":{"Szacowany czas czytania":"4 minuty"},"schema":{"@context":"https:\/\/schema.org","@graph":[{"@type":"WebPage","@id":"https:\/\/www.myzakopane.pl\/index.php\/aktywny-wypoczynek\/","url":"https:\/\/www.myzakopane.pl\/index.php\/aktywny-wypoczynek\/","name":"Gdzie mo\u017cna aktywnie wypocz\u0105\u0107 w Zakopanem i okolicach","isPartOf":{"@id":"https:\/\/www.myzakopane.pl\/#website"},"primaryImageOfPage":{"@id":"https:\/\/www.myzakopane.pl\/index.php\/aktywny-wypoczynek\/#primaryimage"},"image":{"@id":"https:\/\/www.myzakopane.pl\/index.php\/aktywny-wypoczynek\/#primaryimage"},"thumbnailUrl":"http:\/\/www.myzakopane.pl\/wp-content\/images\/sanktuarium-matki-bozej-fatimskiej-300x225.jpg","datePublished":"2016-06-13T19:54:36+00:00","dateModified":"2024-11-17T22:49:31+00:00","description":"Aktywny wypoczynek to nie tylko w\u0119dr\u00f3wki po Tatrach. W Zakopanem mo\u017cna sp\u0119dzi\u0107 aktywnie czas na spacerach po mie\u015bcie lub wybra\u0107 si\u0119 na jednodniow\u0105 wycieczk\u0119","breadcrumb":{"@id":"https:\/\/www.myzakopane.pl\/index.php\/aktywny-wypoczynek\/#breadcrumb"},"inLanguage":"pl-PL","potentialAction":[{"@type":"ReadAction","target":["https:\/\/www.myzakopane.pl\/index.php\/aktywny-wypoczynek\/"]}]},{"@type":"ImageObject","inLanguage":"pl-PL","@id":"https:\/\/www.myzakopane.pl\/index.php\/aktywny-wypoczynek\/#primaryimage","url":"http:\/\/www.myzakopane.pl\/wp-content\/images\/sanktuarium-matki-bozej-fatimskiej-300x225.jpg","contentUrl":"http:\/\/www.myzakopane.pl\/wp-content\/images\/sanktuarium-matki-bozej-fatimskiej-300x225.jpg"},{"@type":"BreadcrumbList","@id":"https:\/\/www.myzakopane.pl\/index.php\/aktywny-wypoczynek\/#breadcrumb","itemListElement":[{"@type":"ListItem","position":1,"name":"Strona g\u0142\u00f3wna","item":"https:\/\/www.myzakopane.pl\/"},{"@type":"ListItem","position":2,"name":"Aktywny wypoczynek"}]},{"@type":"WebSite","@id":"https:\/\/www.myzakopane.pl\/#website","url":"https:\/\/www.myzakopane.pl\/","name":"Zakopane atrakcje turystyczne \u2013 co warto zobaczy\u0107 w Zakopanem","description":"","potentialAction":[{"@type":"SearchAction","target":{"@type":"EntryPoint","urlTemplate":"https:\/\/www.myzakopane.pl\/?s={search_term_string}"},"query-input":{"@type":"PropertyValueSpecification","valueRequired":true,"valueName":"search_term_string"}}],"inLanguage":"pl-PL"}]}},"_links":{"self":[{"href":"https:\/\/www.myzakopane.pl\/index.php\/wp-json\/wp\/v2\/pages\/3187","targetHints":{"allow":["GET"]}}],"collection":[{"href":"https:\/\/www.myzakopane.pl\/index.php\/wp-json\/wp\/v2\/pages"}],"about":[{"href":"https:\/\/www.myzakopane.pl\/index.php\/wp-json\/wp\/v2\/types\/page"}],"author":[{"embeddable":true,"href":"https:\/\/www.myzakopane.pl\/index.php\/wp-json\/wp\/v2\/users\/1"}],"replies":[{"embeddable":true,"href":"https:\/\/www.myzakopane.pl\/index.php\/wp-json\/wp\/v2\/comments?post=3187"}],"version-history":[{"count":0,"href":"https:\/\/www.myzakopane.pl\/index.php\/wp-json\/wp\/v2\/pages\/3187\/revisions"}],"wp:attachment":[{"href":"https:\/\/www.myzakopane.pl\/index.php\/wp-json\/wp\/v2\/media?parent=3187"}],"curies":[{"name":"wp","href":"https:\/\/api.w.org\/{rel}","templated":true}]}}