{"id":3191,"date":"2016-12-15T12:36:49","date_gmt":"2016-12-15T11:36:49","guid":{"rendered":"http:\/\/www.myzakopane.pl\/?page_id=3191"},"modified":"2016-12-15T12:36:49","modified_gmt":"2016-12-15T11:36:49","slug":"zima-w-zakopanem","status":"publish","type":"page","link":"https:\/\/www.myzakopane.pl\/index.php\/zima-w-zakopanem\/","title":{"rendered":"Zimowe atrakcje w Zakopanem"},"content":{"rendered":"<p><img loading=\"lazy\" decoding=\"async\" class=\"main-left alignleft wp-image-3518 size-medium\" src=\"https:\/\/www.myzakopane.pl\/wp-content\/images\/zakopane-zima-300x225.jpg\" alt=\"Zakopane zim\u0105\" width=\"300\" height=\"225\" srcset=\"https:\/\/www.myzakopane.pl\/wp-content\/images\/zakopane-zima-300x225.jpg 300w, https:\/\/www.myzakopane.pl\/wp-content\/images\/zakopane-zima-150x113.jpg 150w, https:\/\/www.myzakopane.pl\/wp-content\/images\/zakopane-zima-768x576.jpg 768w, https:\/\/www.myzakopane.pl\/wp-content\/images\/zakopane-zima.jpg 1024w, https:\/\/www.myzakopane.pl\/wp-content\/images\/zakopane-zima-676x507.jpg 676w\" sizes=\"auto, (max-width: 300px) 100vw, 300px\" \/>Zima to czas kiedy w Zakopanem na nowo pojawia si\u0119 wielu turyst\u00f3w. Najwi\u0119cej os\u00f3b wybiera okres Bo\u017conarodzeniowy, Sylwestra i ferii zimowych dla dzieci. Jednak ju\u017c z pierwszym \u015bniegiem i ujemnymi temperaturami pojawiaj\u0105 si\u0119 tu amatorzy narciarstwa i innych sport\u00f3w zimowych. Oczywi\u015bcie nie tylko narty przyci\u0105gaj\u0105 tu turyst\u00f3w, zim\u0105 w Zakopanem przygotowywanych jest wiele atrakcji zar\u00f3wno tych dla os\u00f3b aktywnych jak i tych co wol\u0105 wypoczynek bardziej stacjonarny.<\/p>\n<h3>Gdzie na narty<\/h3>\n<p>Wbrew, r\u00f3\u017cnym publikacj\u0105 prasowym, w Zakopanem jest gdzie poje\u017adzi\u0107 na nartach. Nie wnikamy tutaj jak mog\u0142oby by\u0107 i jakie inwestycje mo\u017cna by poczyni\u0107. Najpopularniejsze wyci\u0105gi w Zakopanem:<\/p>\n<ul>\n<li><strong>Kasprowy Wierch<\/strong>: 1 kolejka linowa &#8211; 4291 m d\u0142ug. 939 m wys. 360 os\/h, <a href=\"http:\/\/www.pkl.pl\/kasprowy-wierch\/cennik.html\" target=\"_blank\">cennik<\/a> (z Kasprowego Wierchu funkcjonuj\u0105 te\u017c dwa wyci\u0105gi krzese\u0142kowe na Hali G\u0105sienicowej i Goryczkowej),<\/li>\n<li><strong>Guba\u0142\u00f3wka<\/strong>: 1 kolejka wagoniki \u2013 1388 m d\u0142ug, 300 m wys., 2000 os\/h, <a href=\"http:\/\/www.pkl.pl\/gubalowka\/cennik-biletowy.html\" target=\"_blank\">cennik<\/a>,<\/li>\n<li><strong>Nosal<\/strong>: 1 wyci\u0105g krzese\u0142kowy 600 m d\u0142ug. 230 wys. 360 os\/h, 5 wyci\u0105g\u00f3w orczykowych, <a href=\"http:\/\/nosal.pl\/trasy-i-wyciagi\/cennik.html\" target=\"_blank\">cennik<\/a>,<\/li>\n<li><strong>Harenda<\/strong>: \u2013 1 wyci\u0105g krzese\u0142kowy 600 m d\u0142ug. 210 wys. 2400 os\/h, 3 wyci\u0105gi orczykowe, <a href=\"http:\/\/www.harendazakopane.pl\/pl\/home\/cennik-2016-2017\" target=\"_blank\">cennik<\/a>,<\/li>\n<li><strong>Polana Szymoszkowa<\/strong>: \u2013 2 wyci\u0105gi krzese\u0142kowe 1291 i 360 m d\u0142ug. 261 i 60 m wys. 3000 i 2000 os\/h, <a href=\"http:\/\/szymoszkowa.pl\/cennik-wyjazdow\/\" target=\"_blank\">cennik<\/a>,<\/li>\n<\/ul>\n<p>Praktycznie przy ka\u017cdym z wymienionych wyci\u0105g\u00f3w funkcjonuj\u0105 <a href=\"https:\/\/www.myzakopane.pl\/index.php\/szkoly-narciarskie-w-zakopanem\/\">szko\u0142y narciarskie<\/a>. Przy o\u015brodku na Harendzie oraz przy g\u00f3rnej stacji na Guba\u0142\u00f3wce funkcjonuj\u0105 Snowparki. Kolejny znajdziemy w Witowie. Co ciekawe dwa ostatnie reklamuj\u0105 si\u0119 jako najwi\u0119ksze w Polsce, natomiast lepiej prezentuje si\u0119 te w Witowie.<\/p>\n<p>Warto wspomnie\u0107 te\u017c o <strong>pr\u0119\u017cnie rozwijaj\u0105cych si\u0119 o\u015brodkach narciarskich w Bukowinie i Bia\u0142ce Tatrza\u0144skiej<\/strong>. Je\u017celi chodzi o przygotowanie, infrastruktur\u0119 i ofert\u0119 turystyczn\u0105 to \u015bmia\u0142o mog\u0105 konkurowa\u0107 z Zakopanem o ile obecnie go nie przewy\u017cszaj\u0105.<\/p>\n<p>Ci, kt\u00f3rym nie w smak t\u0142umy przy wyci\u0105gach i na stokach narciarskich mog\u0105 spr\u00f3bowa\u0107 swoich si\u0142 w <a href=\"https:\/\/www.myzakopane.pl\/index.php\/wycieczki-skitourowe\/\">narciarstwie skitourowym<\/a>. Ten, mo\u017cna by powiedzie\u0107 powr\u00f3t do korzeni narciarskich, zyskuje coraz wi\u0119ksze grono zwolennik\u00f3w.<\/p>\n<h3>Na bieg\u00f3wkach<\/h3>\n<div id=\"attachment_3494\" style=\"width: 310px\" class=\"wp-caption alignright\"><a href=\"https:\/\/www.myzakopane.pl\/wp-content\/images\/dolina-chocholowska-zima.jpg\"><img loading=\"lazy\" decoding=\"async\" aria-describedby=\"caption-attachment-3494\" class=\"wp-image-3494 size-medium\" title=\"Dolina Chocho\u0142owska zim\u0105\" src=\"https:\/\/www.myzakopane.pl\/wp-content\/images\/dolina-chocholowska-zima-300x225.jpg\" alt=\"Dolina Chocho\u0142owska zim\u0105\" width=\"300\" height=\"225\" srcset=\"https:\/\/www.myzakopane.pl\/wp-content\/images\/dolina-chocholowska-zima-300x225.jpg 300w, https:\/\/www.myzakopane.pl\/wp-content\/images\/dolina-chocholowska-zima-150x113.jpg 150w, https:\/\/www.myzakopane.pl\/wp-content\/images\/dolina-chocholowska-zima-768x576.jpg 768w, https:\/\/www.myzakopane.pl\/wp-content\/images\/dolina-chocholowska-zima.jpg 1024w, https:\/\/www.myzakopane.pl\/wp-content\/images\/dolina-chocholowska-zima-676x507.jpg 676w\" sizes=\"auto, (max-width: 300px) 100vw, 300px\" \/><\/a><p id=\"caption-attachment-3494\" class=\"wp-caption-text\">Dolina Chocho\u0142owska zim\u0105 (fot. Piotrass007, CC BY-SA 3.0)<\/p><\/div>\n<p>Narciarstwo biegowe to kolejna dyscyplina, kt\u00f3ra zyskuje popularno\u015b\u0107 a Zakopane i okolice posiadaj\u0105 znakomite tereny do uprawiania tego sportu. Niestety o ile poje\u017adzi\u0107 jest gdzie to przygotowanych tras biegowych w Zakopanem jest jak na lekarstwo a dok\u0142adniej dwie i trzy w pobli\u017cu.<\/p>\n<ul>\n<li><strong>Centralny O\u015brodek Sportowy<\/strong> \u2013 po\u0142o\u017cona w rejonie stadionu sportowego i skoczni Wielka Krokiew, profesjonalnie przygotowana trasa dla sportowc\u00f3w. Korzystanie jest p\u0142atne i trzeba liczy\u0107 si\u0119 z tym, \u017ce pierwsze\u0144stwo wej\u015bcia na tras\u0119 maj\u0105 trenuj\u0105cy sportowcy.<\/li>\n<li><strong>Na R\u00f3wni Krupowej<\/strong> \u2013 po\u0142o\u017cona kilka minut od Krup\u00f3wek w samym centrum Zakopanego na wielkiej \u0142\u0105ce. Trasa idealna dla pocz\u0105tkuj\u0105cych biegaczy. Trzeba uwa\u017ca\u0107, bo to r\u00f3wnie\u017c miejsce spacer\u00f3w pieszych i niekiedy przeci\u0119cia z alejkami wysypane s\u0105 \u017cwirem lub piaskiem.<\/li>\n<li><strong>Bia\u0142y Potok<\/strong> \u2013 kolejna trasa po\u0142o\u017cona w rejonie Wielkiej Krokwi o d\u0142ugo\u015bci 5 km dla \u015brednio zaawansowanych biegaczy. Posiada mo\u017cliwo\u015b\u0107 biegania kr\u00f3tszych p\u0119tli od 1 do 5 km.<\/li>\n<li><strong>Siwa Polana<\/strong> \u2013 trasa prowadz\u0105ca prawie przez ca\u0142\u0105 Dolin\u0119 Chocho\u0142owsk\u0105. o d\u0142ugo\u015bci 7 km. Trasa do\u015b\u0107 prosta, trzeba uwa\u017ca\u0107 na w\u0119druj\u0105cych turyst\u00f3w, sanie oraz ewentualne samochody dowo\u017c\u0105ce zaopatrzenie do schroniska.<\/li>\n<li><strong>Ko\u015bcielisko<\/strong> \u2013 doskonale przygotowan\u0105 tras\u0119 znajdziemy na stadionie w O\u015brodku Biathlonowym, kt\u00f3ra, kiedy warunki na to pozwalaj\u0105, \u0142\u0105czona jest z tras\u0105 do Chotarzu. \u015awietna dla pocz\u0105tkuj\u0105cych, kilka niewielkich wzniesie\u0144, sztucznie na\u015bnie\u017cana. Dodatkow\u0105 atrakcj\u0105 jest mo\u017cliwo\u015b\u0107 zobaczenia strzelnicy biathlonowej.<\/li>\n<\/ul>\n<p>Oczywi\u015bcie mo\u017cna te\u017c po prostu wybra\u0107 si\u0119 pobiega\u0107 po okolicznych lasach, jednak tam nie ma co liczy\u0107 na dobre warunki do uprawiania narciarstwa biegowego. Nale\u017cy te\u017c pami\u0119ta\u0107, \u017ce na terenie Tatrza\u0144skiego Parku Narodowego nie mo\u017cna schodzi\u0107 ze szlak\u00f3w.<\/p>\n<h3>Atrakcje dla turyst\u00f3w<\/h3>\n<p>Na nartach nie ko\u0144cz\u0105 si\u0119 atrakcje jakie oferuje nam w zimie Zakopane. G\u00f3rale organizuj\u0105 r\u00f3\u017cne formy sp\u0119dzania czasu, \u017ceby zapewni\u0107 rozrywk\u0119 turystom, przy okazji kasuj\u0105c par\u0119 dudk\u00f3w.<\/p>\n<div id=\"attachment_3515\" style=\"width: 310px\" class=\"wp-caption alignleft\"><a href=\"https:\/\/www.myzakopane.pl\/wp-content\/images\/pies-husky.jpg\"><img loading=\"lazy\" decoding=\"async\" aria-describedby=\"caption-attachment-3515\" class=\"wp-image-3515 size-medium\" title=\"Przeja\u017cd\u017cki psimi zaprz\u0119gami\" src=\"https:\/\/www.myzakopane.pl\/wp-content\/images\/pies-husky-300x218.jpg\" alt=\"Przeja\u017cd\u017cki psimi zaprz\u0119gami\" width=\"300\" height=\"218\" srcset=\"https:\/\/www.myzakopane.pl\/wp-content\/images\/pies-husky-300x218.jpg 300w, https:\/\/www.myzakopane.pl\/wp-content\/images\/pies-husky-150x109.jpg 150w, https:\/\/www.myzakopane.pl\/wp-content\/images\/pies-husky-768x557.jpg 768w, https:\/\/www.myzakopane.pl\/wp-content\/images\/pies-husky-676x490.jpg 676w, https:\/\/www.myzakopane.pl\/wp-content\/images\/pies-husky.jpg 900w\" sizes=\"auto, (max-width: 300px) 100vw, 300px\" \/><\/a><p id=\"caption-attachment-3515\" class=\"wp-caption-text\">Pies Husky (fot. nonanet, CC BY-SA 2.0)<\/p><\/div>\n<p>Okres zimowy <strong>sprzyja organizowaniu kulig\u00f3w<\/strong> przez w\u0142a\u015bcicieli miejsc noclegowych, czy to bezpo\u015brednio, czy przez firmy, kt\u00f3re si\u0119 tym zajmuj\u0105. Szczeg\u00f3ln\u0105 popularno\u015bci\u0105 ciesz\u0105 si\u0119 kuligi wieczorn\u0105 por\u0105 o\u015bwietlane pochodniami. Kuligi najcz\u0119\u015bciej po\u0142\u0105czone s\u0105 z ogniskiem, pieczeniem kie\u0142basek, muzyk\u0105, \u015bpiewem i ta\u0144cami.<\/p>\n<p>Ostatnio na popularno\u015bci zyskuje <strong>przeja\u017cd\u017cka psim zaprz\u0119giem ci\u0105gni\u0119tym przez Husky<\/strong>. Maszer stoi na p\u0142ozach kieruj\u0105c saniami, podczas gdy klienci siedz\u0105 wygodnie na saniach rozkoszuj\u0105c si\u0119 przeja\u017cd\u017ck\u0105. Mi\u0142o\u015bnicy ekstremalnych wra\u017ce\u0144 mog\u0105 zdecydowa\u0107 si\u0119 na samodzielne powo\u017cenie saniami. Sprytne czworonogi lubi\u0105 jednak skr\u00f3\u0107 sobie zakr\u0119t, jednocze\u015bnie przewracaj\u0105c sanie. L\u0105dowanie w \u015bnie\u017cnej zaspie mo\u017ce uchodzi\u0107 za dodatkow\u0105 atrakcj\u0119, jednak pogo\u0144 za saniami ju\u017c niekoniecznie.<\/p>\n<div id=\"attachment_3511\" style=\"width: 310px\" class=\"wp-caption alignright\"><a href=\"https:\/\/www.myzakopane.pl\/wp-content\/images\/skuter-sniezny-1.jpg\"><img loading=\"lazy\" decoding=\"async\" aria-describedby=\"caption-attachment-3511\" class=\"wp-image-3511 size-medium\" title=\"Zimowe przeja\u017cd\u017cki skuterem \u015bnie\u017cnym\" src=\"https:\/\/www.myzakopane.pl\/wp-content\/images\/skuter-sniezny-1-300x225.jpg\" alt=\"Zimowe przeja\u017cd\u017cki skuterem \u015bnie\u017cnym\" width=\"300\" height=\"225\" srcset=\"https:\/\/www.myzakopane.pl\/wp-content\/images\/skuter-sniezny-1-300x225.jpg 300w, https:\/\/www.myzakopane.pl\/wp-content\/images\/skuter-sniezny-1-150x113.jpg 150w, https:\/\/www.myzakopane.pl\/wp-content\/images\/skuter-sniezny-1-768x576.jpg 768w, https:\/\/www.myzakopane.pl\/wp-content\/images\/skuter-sniezny-1.jpg 1024w, https:\/\/www.myzakopane.pl\/wp-content\/images\/skuter-sniezny-1-676x507.jpg 676w\" sizes=\"auto, (max-width: 300px) 100vw, 300px\" \/><\/a><p id=\"caption-attachment-3511\" class=\"wp-caption-text\">Skuter \u015bnie\u017cny (fot. w\u0142asna)<\/p><\/div>\n<p>Do\u015b\u0107 ha\u0142a\u015bliw\u0105 rozrywk\u0105, ale zapewniaj\u0105c\u0105 sporo prze\u017cy\u0107, b\u0119dzie <strong>przeja\u017cd\u017cka skuterem \u015bnie\u017cnym<\/strong> przez podhala\u0144skie lasy. Podobnie jak w przypadku kulig\u00f3w, cz\u0119sto organizator przewiduje post\u00f3j na ognisko, kie\u0142baski i co\u015b gor\u0105cego do popicia.<\/p>\n<p>Tury\u015bci szukaj\u0105cy ekstremalnych atrakcji mog\u0105 spr\u00f3bowa\u0107 w Zakopanem <strong>nurkowania pod lodem<\/strong>. Jest ono znacznie trudniejsze od tego w lecie a sprz\u0119t, z kt\u00f3rym schodzimy pod wod\u0119 wa\u017cy blisko 30 kg. Przeci\u0119tnie nurkowanie trwa oko\u0142o 30 min, ale niezale\u017cnie od tego jest niesamowitym prze\u017cyciem. Nie jest to jednak rozrywka dost\u0119pna dla wszystkich. Wymaga do\u015bwiadczenia oraz wysi\u0142ku dlatego na takie wyprawy zabiera si\u0119 osoby, kt\u00f3re decyduj\u0105 si\u0119 na szkolenie z nurkowania pod lodem.<\/p>\n<p>Miasto jest organizatorem Mistrzostw \u015awiata<strong> w skokach narciarskich<\/strong>, kt\u00f3re odbywaj\u0105 si\u0119 <a href=\"https:\/\/www.myzakopane.pl\/index.php\/wielka-krokiew\/\">na Wielkiej Krokwi<\/a>. Z tej okazji do Zakopanego przyje\u017cd\u017ca wielu \u015bwiatowej s\u0142awy zawodnik\u00f3w oraz t\u0142umy turyst\u00f3w, kt\u00f3rzy zapewniaj\u0105 wspania\u0142y doping. W tym okresie pod Wielk\u0105 Krokwi\u0105 mo\u017ce zgromadzi\u0107 si\u0119 blisko 40 tys. os\u00f3b.<\/p>\n<h3>W doliny tatrza\u0144skie<\/h3>\n<div id=\"attachment_137\" style=\"width: 310px\" class=\"wp-caption alignright\"><a href=\"https:\/\/www.myzakopane.pl\/wp-content\/images\/widok-na-doline-jaworzynki-zima-300x225.jpg\"><img loading=\"lazy\" decoding=\"async\" aria-describedby=\"caption-attachment-137\" class=\"wp-image-137 size-full\" title=\"Widok na Dolin\u0119 Jaworzynki\" src=\"https:\/\/www.myzakopane.pl\/wp-content\/images\/widok-na-doline-jaworzynki-zima-300x225.jpg\" alt=\"Widok na Dolin\u0119 Jaworzynki\" width=\"300\" height=\"225\" \/><\/a><p id=\"caption-attachment-137\" class=\"wp-caption-text\">Widok na Dolin\u0119 Jaworzynki zim\u0105 (fot. w\u0142asna)<\/p><\/div>\n<ul>\n<li><a href=\"https:\/\/www.myzakopane.pl\/index.php\/wycieczka-nad-morskie-oko-zima\/\">Nad Morskie Oko<\/a> z Palenicy Bia\u0142czea\u0144skiej,<\/li>\n<li><a href=\"https:\/\/www.myzakopane.pl\/index.php\/wycieczka-do-schroniska-murowaniec-zima\/\">Na Hal\u0119 G\u0105sienicow\u0105<\/a> z Ku\u017anic przez Bocza\u0144 lub Dolin\u0119 Jaworzynki do Murowa\u0144ca,<\/li>\n<li><a href=\"https:\/\/www.myzakopane.pl\/index.php\/droga-pod-reglami-zima\/\">Drog\u0105 pod Reglami<\/a> od Doliny Chocho\u0142owskiej do \u201eKsi\u0119\u017cyc\u00f3wki\u201d,<\/li>\n<li>Na Hal\u0119 Kondratow\u0105 z Ku\u017anic przez Kalat\u00f3wki,<\/li>\n<li>Na Polan\u0119 Str\u0105\u017cysk\u0105 i do wodospadu Siklawica,<\/li>\n<li>W Dolin\u0119 Ko\u015bcielisk\u0105 lub Chocho\u0142owsk\u0105.<\/li>\n<\/ul>\n<p>Przed wyj\u015bciem w g\u00f3ry zim\u0105 powinni\u015bmy sprawdzi\u0107 czy w miejscu gdzie si\u0119 wybieramy nie ma zagro\u017cenia lawinowego i zostawi\u0107 informacje (najlepiej tam gdzie nocujemy) dok\u0105d si\u0119 wybieramy.<\/p>\n","protected":false},"excerpt":{"rendered":"<p>Zima to czas kiedy w Zakopanem na nowo pojawia si\u0119 wielu turyst\u00f3w. Najwi\u0119cej os\u00f3b wybiera okres Bo\u017conarodzeniowy, Sylwestra i ferii zimowych dla dzieci. Jednak ju\u017c z pierwszym \u015bniegiem i ujemnymi temperaturami pojawiaj\u0105 si\u0119 tu amatorzy narciarstwa i innych sport\u00f3w zimowych. Oczywi\u015bcie nie tylko narty przyci\u0105gaj\u0105 tu turyst\u00f3w, zim\u0105 w Zakopanem przygotowywanych jest wiele atrakcji zar\u00f3wno [&hellip;]<\/p>\n","protected":false},"author":1,"featured_media":0,"parent":0,"menu_order":0,"comment_status":"closed","ping_status":"closed","template":"","meta":{"footnotes":""},"class_list":["post-3191","page","type-page","status-publish","hentry"],"yoast_head":"<!-- This site is optimized with the Yoast SEO plugin v26.2 - https:\/\/yoast.com\/wordpress\/plugins\/seo\/ -->\n<title>Zakopane zim\u0105 - co mo\u017cna robi\u0107 w Zakopanem zimow\u0105 por\u0105<\/title>\n<meta name=\"description\" content=\"Zima to czas kiedy w Zakopanem dominuj\u0105 mi\u0142o\u015bnicy sport\u00f3w zimowych. Zobacz, gdzie mo\u017cna poje\u017adzi\u0107 na nartach oraz innych atrakcjach czekaj\u0105cych na turyst\u00f3w.\" \/>\n<meta name=\"robots\" content=\"index, follow, max-snippet:-1, max-image-preview:large, max-video-preview:-1\" \/>\n<link rel=\"canonical\" href=\"https:\/\/www.myzakopane.pl\/index.php\/zima-w-zakopanem\/\" \/>\n<meta name=\"twitter:label1\" content=\"Szacowany czas czytania\" \/>\n\t<meta name=\"twitter:data1\" content=\"6 minut\" \/>\n<script type=\"application\/ld+json\" class=\"yoast-schema-graph\">{\"@context\":\"https:\/\/schema.org\",\"@graph\":[{\"@type\":\"WebPage\",\"@id\":\"https:\/\/www.myzakopane.pl\/index.php\/zima-w-zakopanem\/\",\"url\":\"https:\/\/www.myzakopane.pl\/index.php\/zima-w-zakopanem\/\",\"name\":\"Zakopane zim\u0105 - co mo\u017cna robi\u0107 w Zakopanem zimow\u0105 por\u0105\",\"isPartOf\":{\"@id\":\"https:\/\/www.myzakopane.pl\/#website\"},\"primaryImageOfPage\":{\"@id\":\"https:\/\/www.myzakopane.pl\/index.php\/zima-w-zakopanem\/#primaryimage\"},\"image\":{\"@id\":\"https:\/\/www.myzakopane.pl\/index.php\/zima-w-zakopanem\/#primaryimage\"},\"thumbnailUrl\":\"http:\/\/www.myzakopane.pl\/wp-content\/images\/zakopane-zima-300x225.jpg\",\"datePublished\":\"2016-12-15T11:36:49+00:00\",\"description\":\"Zima to czas kiedy w Zakopanem dominuj\u0105 mi\u0142o\u015bnicy sport\u00f3w zimowych. Zobacz, gdzie mo\u017cna poje\u017adzi\u0107 na nartach oraz innych atrakcjach czekaj\u0105cych na turyst\u00f3w.\",\"breadcrumb\":{\"@id\":\"https:\/\/www.myzakopane.pl\/index.php\/zima-w-zakopanem\/#breadcrumb\"},\"inLanguage\":\"pl-PL\",\"potentialAction\":[{\"@type\":\"ReadAction\",\"target\":[\"https:\/\/www.myzakopane.pl\/index.php\/zima-w-zakopanem\/\"]}]},{\"@type\":\"ImageObject\",\"inLanguage\":\"pl-PL\",\"@id\":\"https:\/\/www.myzakopane.pl\/index.php\/zima-w-zakopanem\/#primaryimage\",\"url\":\"http:\/\/www.myzakopane.pl\/wp-content\/images\/zakopane-zima-300x225.jpg\",\"contentUrl\":\"http:\/\/www.myzakopane.pl\/wp-content\/images\/zakopane-zima-300x225.jpg\"},{\"@type\":\"BreadcrumbList\",\"@id\":\"https:\/\/www.myzakopane.pl\/index.php\/zima-w-zakopanem\/#breadcrumb\",\"itemListElement\":[{\"@type\":\"ListItem\",\"position\":1,\"name\":\"Strona g\u0142\u00f3wna\",\"item\":\"https:\/\/www.myzakopane.pl\/\"},{\"@type\":\"ListItem\",\"position\":2,\"name\":\"Zimowe atrakcje w Zakopanem\"}]},{\"@type\":\"WebSite\",\"@id\":\"https:\/\/www.myzakopane.pl\/#website\",\"url\":\"https:\/\/www.myzakopane.pl\/\",\"name\":\"Zakopane atrakcje turystyczne \u2013 co warto zobaczy\u0107 w Zakopanem\",\"description\":\"\",\"potentialAction\":[{\"@type\":\"SearchAction\",\"target\":{\"@type\":\"EntryPoint\",\"urlTemplate\":\"https:\/\/www.myzakopane.pl\/?s={search_term_string}\"},\"query-input\":{\"@type\":\"PropertyValueSpecification\",\"valueRequired\":true,\"valueName\":\"search_term_string\"}}],\"inLanguage\":\"pl-PL\"}]}<\/script>\n<!-- \/ Yoast SEO plugin. -->","yoast_head_json":{"title":"Zakopane zim\u0105 - co mo\u017cna robi\u0107 w Zakopanem zimow\u0105 por\u0105","description":"Zima to czas kiedy w Zakopanem dominuj\u0105 mi\u0142o\u015bnicy sport\u00f3w zimowych. Zobacz, gdzie mo\u017cna poje\u017adzi\u0107 na nartach oraz innych atrakcjach czekaj\u0105cych na turyst\u00f3w.","robots":{"index":"index","follow":"follow","max-snippet":"max-snippet:-1","max-image-preview":"max-image-preview:large","max-video-preview":"max-video-preview:-1"},"canonical":"https:\/\/www.myzakopane.pl\/index.php\/zima-w-zakopanem\/","twitter_misc":{"Szacowany czas czytania":"6 minut"},"schema":{"@context":"https:\/\/schema.org","@graph":[{"@type":"WebPage","@id":"https:\/\/www.myzakopane.pl\/index.php\/zima-w-zakopanem\/","url":"https:\/\/www.myzakopane.pl\/index.php\/zima-w-zakopanem\/","name":"Zakopane zim\u0105 - co mo\u017cna robi\u0107 w Zakopanem zimow\u0105 por\u0105","isPartOf":{"@id":"https:\/\/www.myzakopane.pl\/#website"},"primaryImageOfPage":{"@id":"https:\/\/www.myzakopane.pl\/index.php\/zima-w-zakopanem\/#primaryimage"},"image":{"@id":"https:\/\/www.myzakopane.pl\/index.php\/zima-w-zakopanem\/#primaryimage"},"thumbnailUrl":"http:\/\/www.myzakopane.pl\/wp-content\/images\/zakopane-zima-300x225.jpg","datePublished":"2016-12-15T11:36:49+00:00","description":"Zima to czas kiedy w Zakopanem dominuj\u0105 mi\u0142o\u015bnicy sport\u00f3w zimowych. Zobacz, gdzie mo\u017cna poje\u017adzi\u0107 na nartach oraz innych atrakcjach czekaj\u0105cych na turyst\u00f3w.","breadcrumb":{"@id":"https:\/\/www.myzakopane.pl\/index.php\/zima-w-zakopanem\/#breadcrumb"},"inLanguage":"pl-PL","potentialAction":[{"@type":"ReadAction","target":["https:\/\/www.myzakopane.pl\/index.php\/zima-w-zakopanem\/"]}]},{"@type":"ImageObject","inLanguage":"pl-PL","@id":"https:\/\/www.myzakopane.pl\/index.php\/zima-w-zakopanem\/#primaryimage","url":"http:\/\/www.myzakopane.pl\/wp-content\/images\/zakopane-zima-300x225.jpg","contentUrl":"http:\/\/www.myzakopane.pl\/wp-content\/images\/zakopane-zima-300x225.jpg"},{"@type":"BreadcrumbList","@id":"https:\/\/www.myzakopane.pl\/index.php\/zima-w-zakopanem\/#breadcrumb","itemListElement":[{"@type":"ListItem","position":1,"name":"Strona g\u0142\u00f3wna","item":"https:\/\/www.myzakopane.pl\/"},{"@type":"ListItem","position":2,"name":"Zimowe atrakcje w Zakopanem"}]},{"@type":"WebSite","@id":"https:\/\/www.myzakopane.pl\/#website","url":"https:\/\/www.myzakopane.pl\/","name":"Zakopane atrakcje turystyczne \u2013 co warto zobaczy\u0107 w Zakopanem","description":"","potentialAction":[{"@type":"SearchAction","target":{"@type":"EntryPoint","urlTemplate":"https:\/\/www.myzakopane.pl\/?s={search_term_string}"},"query-input":{"@type":"PropertyValueSpecification","valueRequired":true,"valueName":"search_term_string"}}],"inLanguage":"pl-PL"}]}},"_links":{"self":[{"href":"https:\/\/www.myzakopane.pl\/index.php\/wp-json\/wp\/v2\/pages\/3191","targetHints":{"allow":["GET"]}}],"collection":[{"href":"https:\/\/www.myzakopane.pl\/index.php\/wp-json\/wp\/v2\/pages"}],"about":[{"href":"https:\/\/www.myzakopane.pl\/index.php\/wp-json\/wp\/v2\/types\/page"}],"author":[{"embeddable":true,"href":"https:\/\/www.myzakopane.pl\/index.php\/wp-json\/wp\/v2\/users\/1"}],"replies":[{"embeddable":true,"href":"https:\/\/www.myzakopane.pl\/index.php\/wp-json\/wp\/v2\/comments?post=3191"}],"version-history":[{"count":0,"href":"https:\/\/www.myzakopane.pl\/index.php\/wp-json\/wp\/v2\/pages\/3191\/revisions"}],"wp:attachment":[{"href":"https:\/\/www.myzakopane.pl\/index.php\/wp-json\/wp\/v2\/media?parent=3191"}],"curies":[{"name":"wp","href":"https:\/\/api.w.org\/{rel}","templated":true}]}}