{"id":3197,"date":"2016-06-13T22:08:59","date_gmt":"2016-06-13T20:08:59","guid":{"rendered":"http:\/\/www.myzakopane.pl\/?page_id=3197"},"modified":"2017-04-14T17:53:42","modified_gmt":"2017-04-14T15:53:42","slug":"reklama-na-myzakopane","status":"publish","type":"page","link":"https:\/\/www.myzakopane.pl\/index.php\/reklama-na-myzakopane\/","title":{"rendered":"Reklama na MyZakopane"},"content":{"rendered":"<p>Serwis <strong>www.MyZakopane.pl<\/strong> prezentuje informacje o atrakcjach turystycznych w Zakopanem i Tatrach. Odwiedzaj\u0105 nas osoby, kt\u00f3re s\u0105 ju\u017c w Zakopanem lub planuj\u0105 sw\u00f3j przyjazd tutaj.<\/p>\n<p>Z serwisu korzystaj\u0105 dziesi\u0105tki tysi\u0119cy os\u00f3b miesi\u0119cznie (wi\u0119cej informacji o ruchu na stronie w ofercie reklamowej do pobrania), aktywnie promujemy nasz serwis i Zakopane na profilach spo\u0142eczno\u015bciowych:<\/p>\n<ul>\n<li>Facebook &#8211; ponad 20 tys. os\u00f3b, kt\u00f3re lubi\u0105 nasz profil,<\/li>\n<li>Twitter &#8211; 59 obserwuj\u0105cych,<\/li>\n<li>Google &#8211; 94 obserwuj\u0105cych,<\/li>\n<\/ul>\n<p>Wszystkie osoby, kt\u00f3re s\u0105 zainteresowane reklam\u0105 w naszym serwisie zapraszamy do pobrania oferty lub kontaktu.<\/p>\n<ul>\n<li>Do pobrania w PDF &#8211; <a href=\"https:\/\/www.myzakopane.pl\/wp-content\/images\/oferta-reklamowa-myzakopane.pdf\">oferta reklamowa<\/a><\/li>\n<li>Kontakt: my (at) traspe.pl<\/li>\n<\/ul>\n","protected":false},"excerpt":{"rendered":"<p>Serwis www.MyZakopane.pl prezentuje informacje o atrakcjach turystycznych w Zakopanem i Tatrach. Odwiedzaj\u0105 nas osoby, kt\u00f3re s\u0105 ju\u017c w Zakopanem lub planuj\u0105 sw\u00f3j przyjazd tutaj. Z serwisu korzystaj\u0105 dziesi\u0105tki tysi\u0119cy os\u00f3b miesi\u0119cznie (wi\u0119cej informacji o ruchu na stronie w ofercie reklamowej do pobrania), aktywnie promujemy nasz serwis i Zakopane na profilach spo\u0142eczno\u015bciowych: Facebook &#8211; ponad 20 [&hellip;]<\/p>\n","protected":false},"author":1,"featured_media":0,"parent":0,"menu_order":0,"comment_status":"closed","ping_status":"closed","template":"","meta":{"footnotes":""},"class_list":["post-3197","page","type-page","status-publish","hentry"],"yoast_head":"<!-- This site is optimized with the Yoast SEO plugin v26.2 - https:\/\/yoast.com\/wordpress\/plugins\/seo\/ -->\n<title>Zareklamuj si\u0119 w serwisie www.MyZakopane.pl<\/title>\n<meta name=\"robots\" content=\"index, follow, max-snippet:-1, max-image-preview:large, max-video-preview:-1\" \/>\n<link rel=\"canonical\" href=\"https:\/\/www.myzakopane.pl\/index.php\/reklama-na-myzakopane\/\" \/>\n<meta name=\"twitter:label1\" content=\"Szacowany czas czytania\" \/>\n\t<meta name=\"twitter:data1\" content=\"1 minuta\" \/>\n<script type=\"application\/ld+json\" class=\"yoast-schema-graph\">{\"@context\":\"https:\/\/schema.org\",\"@graph\":[{\"@type\":\"WebPage\",\"@id\":\"https:\/\/www.myzakopane.pl\/index.php\/reklama-na-myzakopane\/\",\"url\":\"https:\/\/www.myzakopane.pl\/index.php\/reklama-na-myzakopane\/\",\"name\":\"Zareklamuj si\u0119 w serwisie www.MyZakopane.pl\",\"isPartOf\":{\"@id\":\"https:\/\/www.myzakopane.pl\/#website\"},\"datePublished\":\"2016-06-13T20:08:59+00:00\",\"dateModified\":\"2017-04-14T15:53:42+00:00\",\"breadcrumb\":{\"@id\":\"https:\/\/www.myzakopane.pl\/index.php\/reklama-na-myzakopane\/#breadcrumb\"},\"inLanguage\":\"pl-PL\",\"potentialAction\":[{\"@type\":\"ReadAction\",\"target\":[\"https:\/\/www.myzakopane.pl\/index.php\/reklama-na-myzakopane\/\"]}]},{\"@type\":\"BreadcrumbList\",\"@id\":\"https:\/\/www.myzakopane.pl\/index.php\/reklama-na-myzakopane\/#breadcrumb\",\"itemListElement\":[{\"@type\":\"ListItem\",\"position\":1,\"name\":\"Strona g\u0142\u00f3wna\",\"item\":\"https:\/\/www.myzakopane.pl\/\"},{\"@type\":\"ListItem\",\"position\":2,\"name\":\"Reklama na MyZakopane\"}]},{\"@type\":\"WebSite\",\"@id\":\"https:\/\/www.myzakopane.pl\/#website\",\"url\":\"https:\/\/www.myzakopane.pl\/\",\"name\":\"Zakopane atrakcje turystyczne \u2013 co warto zobaczy\u0107 w Zakopanem\",\"description\":\"\",\"potentialAction\":[{\"@type\":\"SearchAction\",\"target\":{\"@type\":\"EntryPoint\",\"urlTemplate\":\"https:\/\/www.myzakopane.pl\/?s={search_term_string}\"},\"query-input\":{\"@type\":\"PropertyValueSpecification\",\"valueRequired\":true,\"valueName\":\"search_term_string\"}}],\"inLanguage\":\"pl-PL\"}]}<\/script>\n<!-- \/ Yoast SEO plugin. -->","yoast_head_json":{"title":"Zareklamuj si\u0119 w serwisie www.MyZakopane.pl","robots":{"index":"index","follow":"follow","max-snippet":"max-snippet:-1","max-image-preview":"max-image-preview:large","max-video-preview":"max-video-preview:-1"},"canonical":"https:\/\/www.myzakopane.pl\/index.php\/reklama-na-myzakopane\/","twitter_misc":{"Szacowany czas czytania":"1 minuta"},"schema":{"@context":"https:\/\/schema.org","@graph":[{"@type":"WebPage","@id":"https:\/\/www.myzakopane.pl\/index.php\/reklama-na-myzakopane\/","url":"https:\/\/www.myzakopane.pl\/index.php\/reklama-na-myzakopane\/","name":"Zareklamuj si\u0119 w serwisie www.MyZakopane.pl","isPartOf":{"@id":"https:\/\/www.myzakopane.pl\/#website"},"datePublished":"2016-06-13T20:08:59+00:00","dateModified":"2017-04-14T15:53:42+00:00","breadcrumb":{"@id":"https:\/\/www.myzakopane.pl\/index.php\/reklama-na-myzakopane\/#breadcrumb"},"inLanguage":"pl-PL","potentialAction":[{"@type":"ReadAction","target":["https:\/\/www.myzakopane.pl\/index.php\/reklama-na-myzakopane\/"]}]},{"@type":"BreadcrumbList","@id":"https:\/\/www.myzakopane.pl\/index.php\/reklama-na-myzakopane\/#breadcrumb","itemListElement":[{"@type":"ListItem","position":1,"name":"Strona g\u0142\u00f3wna","item":"https:\/\/www.myzakopane.pl\/"},{"@type":"ListItem","position":2,"name":"Reklama na MyZakopane"}]},{"@type":"WebSite","@id":"https:\/\/www.myzakopane.pl\/#website","url":"https:\/\/www.myzakopane.pl\/","name":"Zakopane atrakcje turystyczne \u2013 co warto zobaczy\u0107 w Zakopanem","description":"","potentialAction":[{"@type":"SearchAction","target":{"@type":"EntryPoint","urlTemplate":"https:\/\/www.myzakopane.pl\/?s={search_term_string}"},"query-input":{"@type":"PropertyValueSpecification","valueRequired":true,"valueName":"search_term_string"}}],"inLanguage":"pl-PL"}]}},"_links":{"self":[{"href":"https:\/\/www.myzakopane.pl\/index.php\/wp-json\/wp\/v2\/pages\/3197","targetHints":{"allow":["GET"]}}],"collection":[{"href":"https:\/\/www.myzakopane.pl\/index.php\/wp-json\/wp\/v2\/pages"}],"about":[{"href":"https:\/\/www.myzakopane.pl\/index.php\/wp-json\/wp\/v2\/types\/page"}],"author":[{"embeddable":true,"href":"https:\/\/www.myzakopane.pl\/index.php\/wp-json\/wp\/v2\/users\/1"}],"replies":[{"embeddable":true,"href":"https:\/\/www.myzakopane.pl\/index.php\/wp-json\/wp\/v2\/comments?post=3197"}],"version-history":[{"count":0,"href":"https:\/\/www.myzakopane.pl\/index.php\/wp-json\/wp\/v2\/pages\/3197\/revisions"}],"wp:attachment":[{"href":"https:\/\/www.myzakopane.pl\/index.php\/wp-json\/wp\/v2\/media?parent=3197"}],"curies":[{"name":"wp","href":"https:\/\/api.w.org\/{rel}","templated":true}]}}