{"id":3523,"date":"2016-12-15T14:39:38","date_gmt":"2016-12-15T13:39:38","guid":{"rendered":"http:\/\/www.myzakopane.pl\/?page_id=3523"},"modified":"2016-12-15T14:39:38","modified_gmt":"2016-12-15T13:39:38","slug":"polityka-prywatnosci","status":"publish","type":"page","link":"https:\/\/www.myzakopane.pl\/index.php\/polityka-prywatnosci\/","title":{"rendered":"Polityka prywatno\u015bci"},"content":{"rendered":"<p><strong>1. Informacje og\u00f3lne<\/strong><\/p>\n<ol>\n<li>W serwisie www.MyZakopane.pl znajduj\u0105 si\u0119 informacje na temat atrakcji turystycznych i ciekawych miejsc, kt\u00f3re warto odwiedzi\u0107 w Zakopanem i Tatrach.<\/li>\n<li>Dok\u0142adamy stara\u0144 aby materia\u0142y zawarte w serwisie by\u0142y zgodne z prawd\u0105 i aktualn\u0105 wiedz\u0105 &#8211; je\u017celi znajdziesz w serwisie nieaktualne lub nieprawdziwe informacje prosimy o zg\u0142oszenie tego faktu na adres: my (at) traspe.pl.<\/li>\n<li>Serwis www.MyZakopane.pl jest w\u0142asno\u015bci\u0105 firmy Cognitive it.<\/li>\n<\/ol>\n<p><strong>2. Warunki korzystania<\/strong><\/p>\n<ol>\n<li>Korzystanie z serwisu jest bezp\u0142atne i nie wymaga podawania danych osobowych. Je\u017celi spotkasz si\u0119 z sytuacj\u0105, \u017ce kto\u015b w naszym imieniu pr\u00f3buje je zdoby\u0107 to zapewniamy, \u017ce z takim dzia\u0142aniem nie mamy nic wsp\u00f3lnego.<\/li>\n<li>Informacje zawarte w serwisie s\u0105 wykorzystywane przez odwiedzaj\u0105cych na w\u0142asn\u0105 odpowiedzialno\u015b\u0107.<\/li>\n<li>W serwisie mo\u017cna wykupi\u0107 miejsca reklamowe &#8211; wi\u0119cej informacji: <a href=\"https:\/\/www.myzakopane.pl\/index.php\/reklama\/\">reklama<\/a>.<\/li>\n<\/ol>\n<p><strong>3. Licencje<\/strong><\/p>\n<ol>\n<li>Teksty wykorzystane w serwisie s\u0105 pisane na zlecenie firmy Cognitive it i stanowi\u0105 jej w\u0142asno\u015b\u0107. Zabrania si\u0119 wykorzystywania tekst\u00f3w (np. kopiowania) bez zgody firmy Cognitive it.<\/li>\n<li>Wszelkiego rodzaju znaki firmowe, kt\u00f3re mog\u0142y zosta\u0107 wykorzystane na stronie s\u0105 u\u017cyte tylko w celach opisowych. Firma Cognitive it nie ma zwi\u0105zku z tymi markami.<\/li>\n<li>W przypadku znalezienia na naszej stronie materia\u0142\u00f3w naruszaj\u0105cych prawa autorskie prosimy o zg\u0142oszenie tego na maila wymienionego w punkcie 1b.<\/li>\n<\/ol>\n<p><strong>4. Polityka prywatno\u015bci<\/strong><\/p>\n<ol>\n<li>Prywatno\u015b\u0107 u\u017cytkownik\u00f3w serwisu jest dla nas istotna. Poni\u017cej znajduj\u0105 si\u0119 informacje o danych jakie pobieramy w momencie odwiedzin naszego serwisu.<\/li>\n<li>Korzystamy z plik\u00f3w cookie (ciasteczek) do przechowywania informacji o Twoich ustawieniach kiedy korzystasz z serwisu.<\/li>\n<li>Korzystamy r\u00f3wnie\u017c ze statystyk Google Analytics, kt\u00f3re zbieraj\u0105 dane na temat zachowania u\u017cytkownik\u00f3w w naszej domenie (np. czasie odwiedzin, odwiedzonych stronach, \u017ar\u00f3dle odwiedzin itp.) \u2013 polityk\u0119 prywatno\u015bci Google znajdziesz: <a href=\"http:\/\/www.google.pl\/policies\/privacy\/\">tutaj<\/a>.<\/li>\n<li>Wy\u015bwietlamy r\u00f3wnie\u017c reklamy pochodz\u0105ce z zewn\u0119trznych serwis\u00f3w. Niekt\u00f3rzy z tych reklamodawc\u00f3w mog\u0105 umieszcza\u0107 i odczytywa\u0107 pliki cookie oraz u\u017cywa\u0107 sygnalizator\u00f3w np. celem dobierania reklam pod k\u0105tem zainteresowa\u0144 u\u017cytkownik\u00f3w.<\/li>\n<li>W przypadku reklamodawcy Google jest to program Gooogle Adsense, kt\u00f3rego polityk\u0119 prywatno\u015bci znajdziemy: <a href=\"http:\/\/www.google.com\/intl\/pl\/policies\/technologies\/ads\/\">tutaj<\/a>.<\/li>\n<li>Mo\u017cesz dezaktywowa\u0107 lub wy\u0142\u0105czy\u0107 pliki cookies w opcjach swojej przegl\u0105darki internetowej. Jednak wy\u0142\u0105czenie plik\u00f3w cookie mo\u017ce spowodowa\u0107 niemo\u017cno\u015b\u0107 pe\u0142nego wykorzystania opcji serwisu.<\/li>\n<\/ol>\n","protected":false},"excerpt":{"rendered":"<p>1. Informacje og\u00f3lne W serwisie www.MyZakopane.pl znajduj\u0105 si\u0119 informacje na temat atrakcji turystycznych i ciekawych miejsc, kt\u00f3re warto odwiedzi\u0107 w Zakopanem i Tatrach. Dok\u0142adamy stara\u0144 aby materia\u0142y zawarte w serwisie by\u0142y zgodne z prawd\u0105 i aktualn\u0105 wiedz\u0105 &#8211; je\u017celi znajdziesz w serwisie nieaktualne lub nieprawdziwe informacje prosimy o zg\u0142oszenie tego faktu na adres: my (at) [&hellip;]<\/p>\n","protected":false},"author":1,"featured_media":0,"parent":0,"menu_order":0,"comment_status":"closed","ping_status":"closed","template":"","meta":{"footnotes":""},"class_list":["post-3523","page","type-page","status-publish","hentry"],"yoast_head":"<!-- This site is optimized with the Yoast SEO plugin v26.2 - https:\/\/yoast.com\/wordpress\/plugins\/seo\/ -->\n<title>Polityka prywatno\u015bci serwisu www.MyZakopane.pl<\/title>\n<meta name=\"robots\" content=\"index, follow, max-snippet:-1, max-image-preview:large, max-video-preview:-1\" \/>\n<link rel=\"canonical\" href=\"https:\/\/www.myzakopane.pl\/index.php\/polityka-prywatnosci\/\" \/>\n<meta name=\"twitter:label1\" content=\"Szacowany czas czytania\" \/>\n\t<meta name=\"twitter:data1\" content=\"2 minuty\" \/>\n<script type=\"application\/ld+json\" class=\"yoast-schema-graph\">{\"@context\":\"https:\/\/schema.org\",\"@graph\":[{\"@type\":\"WebPage\",\"@id\":\"https:\/\/www.myzakopane.pl\/index.php\/polityka-prywatnosci\/\",\"url\":\"https:\/\/www.myzakopane.pl\/index.php\/polityka-prywatnosci\/\",\"name\":\"Polityka prywatno\u015bci serwisu www.MyZakopane.pl\",\"isPartOf\":{\"@id\":\"https:\/\/www.myzakopane.pl\/#website\"},\"datePublished\":\"2016-12-15T13:39:38+00:00\",\"breadcrumb\":{\"@id\":\"https:\/\/www.myzakopane.pl\/index.php\/polityka-prywatnosci\/#breadcrumb\"},\"inLanguage\":\"pl-PL\",\"potentialAction\":[{\"@type\":\"ReadAction\",\"target\":[\"https:\/\/www.myzakopane.pl\/index.php\/polityka-prywatnosci\/\"]}]},{\"@type\":\"BreadcrumbList\",\"@id\":\"https:\/\/www.myzakopane.pl\/index.php\/polityka-prywatnosci\/#breadcrumb\",\"itemListElement\":[{\"@type\":\"ListItem\",\"position\":1,\"name\":\"Strona g\u0142\u00f3wna\",\"item\":\"https:\/\/www.myzakopane.pl\/\"},{\"@type\":\"ListItem\",\"position\":2,\"name\":\"Polityka prywatno\u015bci\"}]},{\"@type\":\"WebSite\",\"@id\":\"https:\/\/www.myzakopane.pl\/#website\",\"url\":\"https:\/\/www.myzakopane.pl\/\",\"name\":\"Zakopane atrakcje turystyczne \u2013 co warto zobaczy\u0107 w Zakopanem\",\"description\":\"\",\"potentialAction\":[{\"@type\":\"SearchAction\",\"target\":{\"@type\":\"EntryPoint\",\"urlTemplate\":\"https:\/\/www.myzakopane.pl\/?s={search_term_string}\"},\"query-input\":{\"@type\":\"PropertyValueSpecification\",\"valueRequired\":true,\"valueName\":\"search_term_string\"}}],\"inLanguage\":\"pl-PL\"}]}<\/script>\n<!-- \/ Yoast SEO plugin. -->","yoast_head_json":{"title":"Polityka prywatno\u015bci serwisu www.MyZakopane.pl","robots":{"index":"index","follow":"follow","max-snippet":"max-snippet:-1","max-image-preview":"max-image-preview:large","max-video-preview":"max-video-preview:-1"},"canonical":"https:\/\/www.myzakopane.pl\/index.php\/polityka-prywatnosci\/","twitter_misc":{"Szacowany czas czytania":"2 minuty"},"schema":{"@context":"https:\/\/schema.org","@graph":[{"@type":"WebPage","@id":"https:\/\/www.myzakopane.pl\/index.php\/polityka-prywatnosci\/","url":"https:\/\/www.myzakopane.pl\/index.php\/polityka-prywatnosci\/","name":"Polityka prywatno\u015bci serwisu www.MyZakopane.pl","isPartOf":{"@id":"https:\/\/www.myzakopane.pl\/#website"},"datePublished":"2016-12-15T13:39:38+00:00","breadcrumb":{"@id":"https:\/\/www.myzakopane.pl\/index.php\/polityka-prywatnosci\/#breadcrumb"},"inLanguage":"pl-PL","potentialAction":[{"@type":"ReadAction","target":["https:\/\/www.myzakopane.pl\/index.php\/polityka-prywatnosci\/"]}]},{"@type":"BreadcrumbList","@id":"https:\/\/www.myzakopane.pl\/index.php\/polityka-prywatnosci\/#breadcrumb","itemListElement":[{"@type":"ListItem","position":1,"name":"Strona g\u0142\u00f3wna","item":"https:\/\/www.myzakopane.pl\/"},{"@type":"ListItem","position":2,"name":"Polityka prywatno\u015bci"}]},{"@type":"WebSite","@id":"https:\/\/www.myzakopane.pl\/#website","url":"https:\/\/www.myzakopane.pl\/","name":"Zakopane atrakcje turystyczne \u2013 co warto zobaczy\u0107 w Zakopanem","description":"","potentialAction":[{"@type":"SearchAction","target":{"@type":"EntryPoint","urlTemplate":"https:\/\/www.myzakopane.pl\/?s={search_term_string}"},"query-input":{"@type":"PropertyValueSpecification","valueRequired":true,"valueName":"search_term_string"}}],"inLanguage":"pl-PL"}]}},"_links":{"self":[{"href":"https:\/\/www.myzakopane.pl\/index.php\/wp-json\/wp\/v2\/pages\/3523","targetHints":{"allow":["GET"]}}],"collection":[{"href":"https:\/\/www.myzakopane.pl\/index.php\/wp-json\/wp\/v2\/pages"}],"about":[{"href":"https:\/\/www.myzakopane.pl\/index.php\/wp-json\/wp\/v2\/types\/page"}],"author":[{"embeddable":true,"href":"https:\/\/www.myzakopane.pl\/index.php\/wp-json\/wp\/v2\/users\/1"}],"replies":[{"embeddable":true,"href":"https:\/\/www.myzakopane.pl\/index.php\/wp-json\/wp\/v2\/comments?post=3523"}],"version-history":[{"count":0,"href":"https:\/\/www.myzakopane.pl\/index.php\/wp-json\/wp\/v2\/pages\/3523\/revisions"}],"wp:attachment":[{"href":"https:\/\/www.myzakopane.pl\/index.php\/wp-json\/wp\/v2\/media?parent=3523"}],"curies":[{"name":"wp","href":"https:\/\/api.w.org\/{rel}","templated":true}]}}